{"id":57797,"date":"2021-06-15T13:58:23","date_gmt":"2021-06-15T11:58:23","guid":{"rendered":"https:\/\/www.eqphotonics.de\/products\/receiver\/einzelphotonenzaehler\/"},"modified":"2026-02-10T17:05:37","modified_gmt":"2026-02-10T16:05:37","slug":"single-photon-counting","status":"publish","type":"page","link":"https:\/\/www.eqphotonics.de\/en\/products\/receiver\/single-photon-counting\/","title":{"rendered":"Single Photon Counting 900-1700 nm"},"content":{"rendered":"<div class=\"wpb-content-wrapper\"><p>[vc_row wrap_container=&#8221;yes&#8221; parallax=&#8221;content-moving&#8221; parallax_image=&#8221;18&#8243; css=&#8221;.vc_custom_1623660254002{padding-top: 50px !important;}&#8221;][vc_column css=&#8221;.vc_custom_1543888239030{padding-bottom: 50px !important;}&#8221;]<div class=\"page-top page-header-1   wpb_custom_2a9d21ec3bca3fcc4fd4297ed437a594\" data-appear-animation=\"fadeInUp\" data-appear-animation-delay=\"200\"><style>.page-top { background: none; border-bottom: none; } .page-top .page-title:not(.b-none):after { display: none; }.page-top .breadcrumbs-wrap { color: rgba(255,255,255,0.7)}.page-top .breadcrumbs-wrap a { color: #ffffff }.page-top .page-title {color: #ffffff;font-size: 2.75em;}<\/style><div class=\"container\">\r\n\t<div class=\"row\">\r\n\t\t<div class=\"col-lg-12\">\r\n\t\t\t\t\t\t\t<nav aria-label=\"breadcrumb\" class=\"breadcrumbs-wrap\">\r\n\t\t\t\t\t<ul class=\"breadcrumb\" itemscope itemtype=\"https:\/\/schema.org\/BreadcrumbList\"><li class=\"home\" itemprop=\"itemListElement\" itemscope itemtype=\"https:\/\/schema.org\/ListItem\"><a itemprop=\"item\" href=\"https:\/\/www.eqphotonics.de\/en\/\" title=\"Go to Home Page\"><span itemprop=\"name\">Home<\/span><\/a><meta itemprop=\"position\" content=\"1\" \/><i class=\"delimiter\"><\/i><\/li><\/ul>\t\t\t\t<\/nav>\r\n\t\t\t\t\t\t<div class=\"page-title-wrap\">\r\n\t\t\t\t\t\t\t\t<h1 class=\"page-title\"><\/h1>\r\n\t\t\t\t\t\t\t<\/div>\r\n\t\t\t\t\t<\/div>\r\n\t<\/div>\r\n<\/div>\r\n<\/div>[\/vc_column][\/vc_row][vc_row wrap_container=&#8221;yes&#8221; content_placement=&#8221;middle&#8221; el_class=&#8221;sect&#8221; css=&#8221;.vc_custom_1626083258943{padding-bottom: 0px !important;}&#8221;][vc_column offset=&#8221;vc_col-md-7&#8243; el_class=&#8221;pr-lg-5 mb-sm-5 mb-lg-0&#8243; animation_type=&#8221;fadeInLeft&#8221;][vc_single_image image=&#8221;14853&#8243; img_size=&#8221;full&#8221; onclick=&#8221;custom_link&#8221; img_link_target=&#8221;_blank&#8221; animation_delay=&#8221;500&#8243; animation_type=&#8221;fadeInRight&#8221; link=&#8221;https:\/\/www.aureatechnology.com\/en\/&#8221;][vc_column_text]<!--\n\n\n<h3>AUREA - High-End-Single-Photon-Counting vom Prism-Award Finalist<\/h3>\n\n\n-->Turn-key single photon counting solutions from <a href=\"https:\/\/www.aureatechnology.com\/en\/\" target=\"_blank\" rel=\"noopener\">Aurea<\/a> are characterized by an easy-to-use design. The integrated electronic and software allows for fast and user-friendly results both in the gated and free-running mode. Si- diodes are available for the the visible spectrum whereas InGaAs\/InP Geiger-Mode APDs are used for the near infrared from 900-1700 nm.<\/p>\n<p>The SPD-series delivers compact design, whereas the LYNXEA-series is offering additional time-correlated single-photon-counting (TCSPC).<\/p>\n<p>The product range is completed with a picosecond diode laser and a twin-photon-source (TPS) for quantum information technology.[\/vc_column_text][\/vc_column][vc_column offset=&#8221;vc_col-md-5&#8243;][vc_gallery type=&#8221;flexslider_slide&#8221; interval=&#8221;10&#8243; images=&#8221;88272,88274,18548,12675,12669&#8243; img_size=&#8221;full&#8221; css=&#8221;&#8221; css_params=&#8221;&#8221;][\/vc_column][\/vc_row][vc_row wrap_container=&#8221;yes&#8221; conditional_render=&#8221;%5B%7B%22value_role%22%3A%22administrator%22%7D%5D&#8221; css_params=&#8221;&#8221; el_class=&#8221;ctabuttons&#8221;][vc_column][vc_raw_html css=&#8221;&#8221; css_params=&#8221;&#8221;]JTNDYSUyMGhyZWYlM0QlMjJodHRwcyUzQSUyRiUyRnd3dy5lcXBob3Rvbmljcy5kZSUyRmVuJTJGeW91ci1yZXF1ZXN0JTJGJTNGZm9ybV9BUlRERVJBTkZSQUdFJTNETXVzdGVyJTI2YW1wJTNCZm9ybV9QUk9EVUtUQkVaRUlDSE5VTkclM0RzaW5nbGUtcGhvdG9uLWNvdW50aW5nJTIyJTIwY2xhc3MlM0QlMjJidG4lMjBtdXN0ZXIlMjBzaW5nbGVfYnV0dG9uJTIyJTNFUmVxdWVzdCUyMGElMjBzYW1wbGUlMjAlM0MlMkZhJTNFJTIwJTNDYSUyMGhyZWYlM0QlMjJodHRwcyUzQSUyRiUyRnd3dy5lcXBob3Rvbmljcy5kZSUyRmVuJTJGeW91ci1yZXF1ZXN0JTJGJTNGZm9ybV9BUlRERVJBTkZSQUdFJTNEUHJlaXMlMjZhbXAlM0Jmb3JtX1BST0RVS1RCRVpFSUNITlVORyUzRHNpbmdsZS1waG90b24tY291bnRpbmclMjIlMjBjbGFzcyUzRCUyMmJ0biUyMHByZWlzJTIwc2luZ2xlX2J1dHRvbiUyMiUzRU1ha2UlMjBhJTIwcHJpY2UlMjByZXF1ZXN0JTNDJTJGYSUzRQ==[\/vc_raw_html][\/vc_column][\/vc_row][vc_row text_align=&#8221;center&#8221; animation_type=&#8221;fadeInRight&#8221; el_class=&#8221;sect&#8221; css=&#8221;.vc_custom_1626083422701{padding-top: 0px !important;}&#8221;][vc_column][vc_column_text css_animation=&#8221;none&#8221; css=&#8221;&#8221; css_params=&#8221;&#8221;]<\/p>\n<h3 style=\"text-align: center;\">Overview Single Photon Counter 900-1700nm<\/h3>\n<p>&nbsp;<\/p>\n<table class=\"tab-content technicaldata\">\n<thead>\n<tr>\n<td>Item number<\/td>\n<td><strong>Product<\/strong><\/td>\n<td>Lower wave lengthl\u00e4nge<br \/>\n[nm]<\/td>\n<td>Upper wave length<br \/>\n[nm]<\/td>\n<\/tr>\n<\/thead>\n<tbody>\n<tr>\n<td>SPD_OEM_NIR_C<\/td>\n<td><a href=\"https:\/\/www.eqphotonics.de\/en\/products\/receiver\/einzelphotonenzaehler\/turn-key-nir-single-photon-counting-spc\/\"><strong>NIR single photon counter<\/strong><\/a><\/td>\n<td>900<\/td>\n<td>1700<\/td>\n<\/tr>\n<tr>\n<td>LYNXEA_NIR_C<\/td>\n<td><a href=\"https:\/\/www.eqphotonics.de\/en\/products\/receiver\/einzelphotonenzaehler\/turn-key-nir-time-correlated-single-photon-counting-tcspc\/\"><strong>NIR TCSPC system<\/strong><\/a><\/td>\n<td>900<\/td>\n<td>1700<\/td>\n<\/tr>\n<\/tbody>\n<\/table>\n<p>[\/vc_column_text][\/vc_column][\/vc_row][vc_row full_width=&#8221;stretch_row_content_no_spaces&#8221; css=&#8221;.vc_custom_1625227136287{margin: 0px !important;padding: 0px !important;border: 0px initial !important;}&#8221;][vc_column css=&#8221;.vc_custom_1625227118729{margin: 0px !important;padding: 0px !important;border: 0px initial !important;}&#8221;][vc_widget_sidebar sidebar_id=&#8221;contactbox3&#8243;][\/vc_column][\/vc_row]<\/p>\n<\/div>","protected":false},"excerpt":{"rendered":"<p>[vc_row wrap_container=&#8221;yes&#8221; parallax=&#8221;content-moving&#8221; parallax_image=&#8221;18&#8243; css=&#8221;.vc_custom_1623660254002{padding-top: 50px !important;}&#8221;][vc_column css=&#8221;.vc_custom_1543888239030{padding-bottom: 50px !important;}&#8221;][\/vc_column][\/vc_row][vc_row wrap_container=&#8221;yes&#8221; content_placement=&#8221;middle&#8221; el_class=&#8221;sect&#8221; css=&#8221;.vc_custom_1626083258943{padding-bottom: 0px !important;}&#8221;][vc_column offset=&#8221;vc_col-md-7&#8243; el_class=&#8221;pr-lg-5 mb-sm-5 mb-lg-0&#8243; animation_type=&#8221;fadeInLeft&#8221;][vc_single_image image=&#8221;14853&#8243; img_size=&#8221;full&#8221; onclick=&#8221;custom_link&#8221; img_link_target=&#8221;_blank&#8221; animation_delay=&#8221;500&#8243; animation_type=&#8221;fadeInRight&#8221; link=&#8221;https:\/\/www.aureatechnology.com\/en\/&#8221;][vc_column_text]Turn-key single photon counting solutions from Aurea are characterized by an easy-to-use design. The integrated electronic and software allows for fast and user-friendly results both in the gated [&hellip;]<\/p>\n","protected":false},"author":1,"featured_media":0,"parent":150,"menu_order":600,"comment_status":"closed","ping_status":"closed","template":"","meta":{"_acf_changed":false,"footnotes":""},"class_list":["post-57797","page","type-page","status-publish","hentry"],"acf":[],"yoast_head":"<!-- This site is optimized with the Yoast SEO plugin v27.4 - https:\/\/yoast.com\/product\/yoast-seo-wordpress\/ -->\n<title>EQ Photonics: Einzelphotonenz\u00e4hler von Aurea<\/title>\n<meta name=\"description\" content=\"NIR &amp; VIS kompakte Einzelphotonenz\u00e4hler sowie NIR &amp; VIS zeitkorrelierte Einzelphotonenz\u00e4hler\" \/>\n<meta name=\"robots\" content=\"index, follow, max-snippet:-1, max-image-preview:large, max-video-preview:-1\" \/>\n<link rel=\"canonical\" href=\"https:\/\/www.eqphotonics.de\/en\/products\/receiver\/single-photon-counting\/\" \/>\n<meta name=\"twitter:label1\" content=\"Est. reading time\" \/>\n\t<meta name=\"twitter:data1\" content=\"2 minutes\" \/>\n<script type=\"application\/ld+json\" class=\"yoast-schema-graph\">{\"@context\":\"https:\\\/\\\/schema.org\",\"@graph\":[{\"@type\":\"WebPage\",\"@id\":\"https:\\\/\\\/www.eqphotonics.de\\\/en\\\/products\\\/receiver\\\/single-photon-counting\\\/\",\"url\":\"https:\\\/\\\/www.eqphotonics.de\\\/en\\\/products\\\/receiver\\\/single-photon-counting\\\/\",\"name\":\"EQ Photonics: Einzelphotonenz\u00e4hler von Aurea\",\"isPartOf\":{\"@id\":\"https:\\\/\\\/www.eqphotonics.de\\\/en\\\/#website\"},\"datePublished\":\"2021-06-15T11:58:23+00:00\",\"dateModified\":\"2026-02-10T16:05:37+00:00\",\"description\":\"NIR & VIS kompakte Einzelphotonenz\u00e4hler sowie NIR & VIS zeitkorrelierte Einzelphotonenz\u00e4hler\",\"breadcrumb\":{\"@id\":\"https:\\\/\\\/www.eqphotonics.de\\\/en\\\/products\\\/receiver\\\/single-photon-counting\\\/#breadcrumb\"},\"inLanguage\":\"en-US\",\"potentialAction\":[{\"@type\":\"ReadAction\",\"target\":[\"https:\\\/\\\/www.eqphotonics.de\\\/en\\\/products\\\/receiver\\\/single-photon-counting\\\/\"]}]},{\"@type\":\"BreadcrumbList\",\"@id\":\"https:\\\/\\\/www.eqphotonics.de\\\/en\\\/products\\\/receiver\\\/single-photon-counting\\\/#breadcrumb\",\"itemListElement\":[{\"@type\":\"ListItem\",\"position\":1,\"name\":\"Startseite\",\"item\":\"https:\\\/\\\/www.eqphotonics.de\\\/en\\\/\"},{\"@type\":\"ListItem\",\"position\":2,\"name\":\"Products\",\"item\":\"https:\\\/\\\/www.eqphotonics.de\\\/en\\\/products\\\/\"},{\"@type\":\"ListItem\",\"position\":3,\"name\":\"Receiver &#038; Sensors\",\"item\":\"https:\\\/\\\/www.eqphotonics.de\\\/en\\\/products\\\/receiver\\\/\"},{\"@type\":\"ListItem\",\"position\":4,\"name\":\"Single Photon Counting 900-1700 nm\"}]},{\"@type\":\"WebSite\",\"@id\":\"https:\\\/\\\/www.eqphotonics.de\\\/en\\\/#website\",\"url\":\"https:\\\/\\\/www.eqphotonics.de\\\/en\\\/\",\"name\":\"EQ Photonics - Laser + Optoelektronik\",\"description\":\"\",\"publisher\":{\"@id\":\"https:\\\/\\\/www.eqphotonics.de\\\/en\\\/#organization\"},\"potentialAction\":[{\"@type\":\"SearchAction\",\"target\":{\"@type\":\"EntryPoint\",\"urlTemplate\":\"https:\\\/\\\/www.eqphotonics.de\\\/en\\\/?s={search_term_string}\"},\"query-input\":{\"@type\":\"PropertyValueSpecification\",\"valueRequired\":true,\"valueName\":\"search_term_string\"}}],\"inLanguage\":\"en-US\"},{\"@type\":\"Organization\",\"@id\":\"https:\\\/\\\/www.eqphotonics.de\\\/en\\\/#organization\",\"name\":\"EQ Photonics GmbH\",\"url\":\"https:\\\/\\\/www.eqphotonics.de\\\/en\\\/\",\"logo\":{\"@type\":\"ImageObject\",\"inLanguage\":\"en-US\",\"@id\":\"https:\\\/\\\/www.eqphotonics.de\\\/en\\\/#\\\/schema\\\/logo\\\/image\\\/\",\"url\":\"https:\\\/\\\/www.eqphotonics.de\\\/wp-content\\\/uploads\\\/eqp_logo.png\",\"contentUrl\":\"https:\\\/\\\/www.eqphotonics.de\\\/wp-content\\\/uploads\\\/eqp_logo.png\",\"width\":94,\"height\":98,\"caption\":\"EQ Photonics GmbH\"},\"image\":{\"@id\":\"https:\\\/\\\/www.eqphotonics.de\\\/en\\\/#\\\/schema\\\/logo\\\/image\\\/\"}}]}<\/script>\n<!-- \/ Yoast SEO plugin. -->","yoast_head_json":{"title":"EQ Photonics: Einzelphotonenz\u00e4hler von Aurea","description":"NIR & VIS kompakte Einzelphotonenz\u00e4hler sowie NIR & VIS zeitkorrelierte Einzelphotonenz\u00e4hler","robots":{"index":"index","follow":"follow","max-snippet":"max-snippet:-1","max-image-preview":"max-image-preview:large","max-video-preview":"max-video-preview:-1"},"canonical":"https:\/\/www.eqphotonics.de\/en\/products\/receiver\/single-photon-counting\/","twitter_misc":{"Est. reading time":"2 minutes"},"schema":{"@context":"https:\/\/schema.org","@graph":[{"@type":"WebPage","@id":"https:\/\/www.eqphotonics.de\/en\/products\/receiver\/single-photon-counting\/","url":"https:\/\/www.eqphotonics.de\/en\/products\/receiver\/single-photon-counting\/","name":"EQ Photonics: Einzelphotonenz\u00e4hler von Aurea","isPartOf":{"@id":"https:\/\/www.eqphotonics.de\/en\/#website"},"datePublished":"2021-06-15T11:58:23+00:00","dateModified":"2026-02-10T16:05:37+00:00","description":"NIR & VIS kompakte Einzelphotonenz\u00e4hler sowie NIR & VIS zeitkorrelierte Einzelphotonenz\u00e4hler","breadcrumb":{"@id":"https:\/\/www.eqphotonics.de\/en\/products\/receiver\/single-photon-counting\/#breadcrumb"},"inLanguage":"en-US","potentialAction":[{"@type":"ReadAction","target":["https:\/\/www.eqphotonics.de\/en\/products\/receiver\/single-photon-counting\/"]}]},{"@type":"BreadcrumbList","@id":"https:\/\/www.eqphotonics.de\/en\/products\/receiver\/single-photon-counting\/#breadcrumb","itemListElement":[{"@type":"ListItem","position":1,"name":"Startseite","item":"https:\/\/www.eqphotonics.de\/en\/"},{"@type":"ListItem","position":2,"name":"Products","item":"https:\/\/www.eqphotonics.de\/en\/products\/"},{"@type":"ListItem","position":3,"name":"Receiver &#038; Sensors","item":"https:\/\/www.eqphotonics.de\/en\/products\/receiver\/"},{"@type":"ListItem","position":4,"name":"Single Photon Counting 900-1700 nm"}]},{"@type":"WebSite","@id":"https:\/\/www.eqphotonics.de\/en\/#website","url":"https:\/\/www.eqphotonics.de\/en\/","name":"EQ Photonics - Laser + Optoelektronik","description":"","publisher":{"@id":"https:\/\/www.eqphotonics.de\/en\/#organization"},"potentialAction":[{"@type":"SearchAction","target":{"@type":"EntryPoint","urlTemplate":"https:\/\/www.eqphotonics.de\/en\/?s={search_term_string}"},"query-input":{"@type":"PropertyValueSpecification","valueRequired":true,"valueName":"search_term_string"}}],"inLanguage":"en-US"},{"@type":"Organization","@id":"https:\/\/www.eqphotonics.de\/en\/#organization","name":"EQ Photonics GmbH","url":"https:\/\/www.eqphotonics.de\/en\/","logo":{"@type":"ImageObject","inLanguage":"en-US","@id":"https:\/\/www.eqphotonics.de\/en\/#\/schema\/logo\/image\/","url":"https:\/\/www.eqphotonics.de\/wp-content\/uploads\/eqp_logo.png","contentUrl":"https:\/\/www.eqphotonics.de\/wp-content\/uploads\/eqp_logo.png","width":94,"height":98,"caption":"EQ Photonics GmbH"},"image":{"@id":"https:\/\/www.eqphotonics.de\/en\/#\/schema\/logo\/image\/"}}]}},"_links":{"self":[{"href":"https:\/\/www.eqphotonics.de\/en\/wp-json\/wp\/v2\/pages\/57797","targetHints":{"allow":["GET"]}}],"collection":[{"href":"https:\/\/www.eqphotonics.de\/en\/wp-json\/wp\/v2\/pages"}],"about":[{"href":"https:\/\/www.eqphotonics.de\/en\/wp-json\/wp\/v2\/types\/page"}],"author":[{"embeddable":true,"href":"https:\/\/www.eqphotonics.de\/en\/wp-json\/wp\/v2\/users\/1"}],"replies":[{"embeddable":true,"href":"https:\/\/www.eqphotonics.de\/en\/wp-json\/wp\/v2\/comments?post=57797"}],"version-history":[{"count":13,"href":"https:\/\/www.eqphotonics.de\/en\/wp-json\/wp\/v2\/pages\/57797\/revisions"}],"predecessor-version":[{"id":88896,"href":"https:\/\/www.eqphotonics.de\/en\/wp-json\/wp\/v2\/pages\/57797\/revisions\/88896"}],"up":[{"embeddable":true,"href":"https:\/\/www.eqphotonics.de\/en\/wp-json\/wp\/v2\/pages\/150"}],"wp:attachment":[{"href":"https:\/\/www.eqphotonics.de\/en\/wp-json\/wp\/v2\/media?parent=57797"}],"curies":[{"name":"wp","href":"https:\/\/api.w.org\/{rel}","templated":true}]}}