{"id":38034,"date":"2021-11-03T16:23:24","date_gmt":"2021-11-03T15:23:24","guid":{"rendered":"https:\/\/www.eqphotonics.de\/products\/fiber-optic-transmission-technology\/das-lwl-components\/empfaenger\/"},"modified":"2025-08-07T14:00:37","modified_gmt":"2025-08-07T12:00:37","slug":"receivers","status":"publish","type":"page","link":"https:\/\/www.eqphotonics.de\/en\/products\/fiber-optic-transmission-technology\/das-lwl-components\/receivers\/","title":{"rendered":"Receivers"},"content":{"rendered":"<div class=\"wpb-content-wrapper\"><p>[vc_row wrap_container=&#8221;yes&#8221; parallax=&#8221;content-moving&#8221; parallax_image=&#8221;18&#8243; css=&#8221;.vc_custom_1623660452678{padding-top: 50px !important;}&#8221;][vc_column css=&#8221;.vc_custom_1543888239030{padding-bottom: 50px !important;}&#8221;]<div class=\"page-top page-header-1   wpb_custom_2a9d21ec3bca3fcc4fd4297ed437a594\" data-appear-animation=\"fadeInUp\" data-appear-animation-delay=\"200\"><style>.page-top { background: none; border-bottom: none; } .page-top .page-title:not(.b-none):after { display: none; }.page-top .breadcrumbs-wrap { color: rgba(255,255,255,0.7)}.page-top .breadcrumbs-wrap a { color: #ffffff }.page-top .page-title {color: #ffffff;font-size: 2.75em;}<\/style><div class=\"container\">\r\n\t<div class=\"row\">\r\n\t\t<div class=\"col-lg-12\">\r\n\t\t\t\t\t\t\t<nav aria-label=\"breadcrumb\" class=\"breadcrumbs-wrap\">\r\n\t\t\t\t\t<ul class=\"breadcrumb\" itemscope itemtype=\"https:\/\/schema.org\/BreadcrumbList\"><li class=\"home\" itemprop=\"itemListElement\" itemscope itemtype=\"https:\/\/schema.org\/ListItem\"><a itemprop=\"item\" href=\"https:\/\/www.eqphotonics.de\/en\/\" title=\"Go to Home Page\"><span itemprop=\"name\">Home<\/span><\/a><meta itemprop=\"position\" content=\"1\" \/><i class=\"delimiter\"><\/i><\/li><\/ul>\t\t\t\t<\/nav>\r\n\t\t\t\t\t\t<div class=\"page-title-wrap\">\r\n\t\t\t\t\t\t\t\t<h1 class=\"page-title\"><\/h1>\r\n\t\t\t\t\t\t\t<\/div>\r\n\t\t\t\t\t<\/div>\r\n\t<\/div>\r\n<\/div>\r\n<\/div>[\/vc_column][\/vc_row][vc_row wrap_container=&#8221;yes&#8221; animation_type=&#8221;fadeInRight&#8221; el_class=&#8221;sect&#8221; css=&#8221;.vc_custom_1625154277111{padding-bottom: 0px !important;}&#8221;][vc_column][vc_row_inner][vc_column_inner width=&#8221;1\/3&#8243;][vc_raw_html]JTNDZGl2JTIwY2xhc3MlM0QlMjJwb3J0by1idG4tY3RuLWxlZnQlMjAlMjIlM0UlM0NhJTIwY2xhc3MlM0QlMjJwb3J0by1idG4lMjBwb3J0by1hZGp1c3QtYm90dG9tLW1hcmdpbiUyMHBvcnRvLWJ0bi1taW5pJTIwcG9ydG8tYnRuLW5vLWhvdmVyLWJnJTIwJTIwd3BiX2N1c3RvbV9mYTUxMDg4YzI1NjdiNzgwMTAwYzFlZGNmODgyMWQzYiUyMCUyMHBvcnRvLWJ0bi1sZWZ0JTIwJTIyJTIwcmVsJTNEJTIyJTIyJTIwaHJlZiUzRCUyMmphdmFzY3JpcHQlM0FoaXN0b3J5LmJhY2slMjglMjklM0IlMjIlMjBkYXRhLWhvdmVyJTNEJTIyJTIyJTIwZGF0YS1ib3JkZXItY29sb3IlM0QlMjIlMjIlMjBkYXRhLWJnJTNEJTIyJTIzNzc3Nzc3JTIyJTIwZGF0YS1ob3Zlci1iZyUzRCUyMiUyMiUyMGRhdGEtYm9yZGVyLWhvdmVyJTNEJTIyJTIyJTIwZGF0YS1zaGFkb3ctY2xpY2slM0QlMjJub25lJTIyJTIwZGF0YS1zaGFkb3clM0QlMjIlMjIlMjBzdHlsZSUzRCUyMmJvcmRlciUzQW5vbmUlM0JiYWNrZ3JvdW5kJTNBJTIwJTIzNzc3Nzc3JTNCY29sb3IlM0ElMjAlMjNmZmZmZmYlM0IlMjIlM0UlM0NzcGFuJTIwY2xhc3MlM0QlMjJwb3J0by1idG4taG92ZXIlMjIlM0UlM0MlMkZzcGFuJTNFJTNDc3BhbiUyMGNsYXNzJTNEJTIycG9ydG8tYnRuLWRhdGElMjBwb3J0by1idG4tdGV4dCUyMCUyMiUzRUJhY2slMjB0byUyMG92ZXJ2aWV3JTNDJTJGc3BhbiUzRSUzQyUyRmElM0UlM0MlMkZkaXYlM0U=[\/vc_raw_html][vc_column_text]<\/p>\n<h2><strong>Photodiode and Receiver for DAS and Wireless<\/strong><br \/>\nfrom Emcore<\/h2>\n<p>Emcore Photodiodes and Receivers utilize \u201cGenuine ORTEL Technology\u201d which has symbolized the highest standard in linear high-speed photonics that drove the wide-scale deployment fiber optics in cable TV networks, satellite earth stations, mobile phone antenna sites and military systems. Emcore leverages its linear fiber optics expertise, in combination with our vertically-integrated infrastructure and high-volume manufacturing to deliver the highest quality fiber optic components available today.[\/vc_column_text][\/vc_column_inner][vc_column_inner width=&#8221;1\/3&#8243;][vc_gallery type=&#8221;flexslider_slide&#8221; interval=&#8221;10&#8243; images=&#8221;24891,24639&#8243; img_size=&#8221;large&#8221;][vc_empty_space height=&#8221;35px&#8221;][\/vc_column_inner][vc_column_inner width=&#8221;1\/3&#8243;]<div class=\"porto-toggles wpb_content_element  additional\">[vc_toggle title=&#8221;Datasheets&#8221; show_icon=&#8221;yes&#8221; icon=&#8221;fas fa-file&#8221;]<a href=\"https:\/\/www.eqphotonics.de\/wp-content\/uploads\/2651AE.pdf\" target=\"_blank\" rel=\"noopener\"><i class=\"fas fa-file\"><\/i> Photodiode 2651AE<\/a><br \/>\n<a href=\"https:\/\/www.eqphotonics.de\/wp-content\/uploads\/2653AE.pdf\" target=\"_blank\" rel=\"noopener\"><i class=\"fas fa-file\"><\/i> Photodiode 2653AE<\/a><br \/>\n<a href=\"https:\/\/www.eqphotonics.de\/wp-content\/uploads\/7830W.pdf\" target=\"_blank\" rel=\"noopener\"><i class=\"fas fa-file\"><\/i> Optical Receiver 7830W<\/a>[\/vc_toggle][vc_toggle title=&#8221;Additional products&#8221; show_icon=&#8221;yes&#8221; icon=&#8221;fas fa-plus-circle&#8221;]<a href=\"https:\/\/www.eqphotonics.de\/en\/products\/fiber-optic-transmission-technology\/das-lwl-components\/dfb-laserdiodes\/\" rel=\"noopener\"><i class=\"fas fa-plus-circle\"><\/i> DAS &#8211; Laserdiodes<\/a>[\/vc_toggle][vc_toggle title=&#8221;Video&#8221; show_icon=&#8221;yes&#8221; icon=&#8221;fab fa-youtube&#8221;]<a class=\"porto-popup-iframe\" title=\"Lightbox porto\" href=\"\/wp-content\/uploads\/EMCORE_Chip_Wafer_Fab_Overview.mp4\"><i class=\"fab fa-youtube\"><\/i> EMCORE Chip Wafer Fab Overview<\/a>[\/vc_toggle][vc_toggle title=&#8221;Supplier&#8221; show_icon=&#8221;yes&#8221; icon=&#8221;fas fa-home&#8221;]<img loading=\"lazy\" decoding=\"async\" class=\"aligncenter wp-image-14734 size-full\" src=\"https:\/\/www.eqphotonics.de\/wp-content\/uploads\/emcore_logo.png\" alt=\"\" width=\"200\" height=\"100\" \/>[\/vc_toggle]<\/div>[\/vc_column_inner][\/vc_row_inner][vc_row_inner][vc_column_inner width=&#8221;1\/2&#8243;][vc_column_text]<\/p>\n<h3>Markets<\/h3>\n<ul>\n<li>TVRO<\/li>\n<li>Broadcast<\/li>\n<li>Earth stations<\/li>\n<li>Headends<\/li>\n<li>VSAT<\/li>\n<li>GPS<\/li>\n<li>Wireless<\/li>\n<li>Cellular<\/li>\n<\/ul>\n<p>[\/vc_column_text][\/vc_column_inner][vc_column_inner width=&#8221;1\/2&#8243;][vc_column_text]<\/p>\n<h3>Applications<\/h3>\n<ul>\n<li>Data and Video Distribution<\/li>\n<li>Wireless Networks<\/li>\n<li>Distributed Antenna Systems (DAS)<\/li>\n<li>FTTH<\/li>\n<\/ul>\n<p>[\/vc_column_text][\/vc_column_inner][\/vc_row_inner][vc_row_inner][vc_column_inner width=&#8221;1\/2&#8243;][vc_column_text]<\/p>\n<h3>Features<\/h3>\n<ul>\n<li>Wide 40 MHz \u2013 6000 MHz Bandwidth: Supports analog channels or a combination of analog and digital channels<\/li>\n<li>Excellent RF frequency and distortion characteristics for high linearity<\/li>\n<li>Internal prorietary impedance match circuitry (50\u03a9)<\/li>\n<\/ul>\n<p>[\/vc_column_text][\/vc_column_inner][vc_column_inner width=&#8221;1\/2&#8243;][\/vc_column_inner][\/vc_row_inner][\/vc_column][\/vc_row][vc_row wrap_container=&#8221;yes&#8221; conditional_render=&#8221;%5B%7B%22value_role%22%3A%22administrator%22%7D%5D&#8221; css_params=&#8221;&#8221; el_class=&#8221;ctabuttons&#8221;][vc_column][vc_raw_html css=&#8221;&#8221; css_params=&#8221;&#8221;]JTNDYSUyMGhyZWYlM0QlMjJodHRwcyUzQSUyRiUyRnd3dy5lcXBob3Rvbmljcy5kZSUyRmVuJTJGeW91ci1yZXF1ZXN0JTJGJTNGZm9ybV9BUlRERVJBTkZSQUdFJTNETXVzdGVyJTI2YW1wJTNCZm9ybV9QUk9EVUtUQkVaRUlDSE5VTkclM0RQaG90b2Rpb2RlLWFuZC1SZWNlaXZlciUyMiUyMGNsYXNzJTNEJTIyYnRuJTIwbXVzdGVyJTIwc2luZ2xlX2J1dHRvbiUyMiUzRVJlcXVlc3QlMjBhJTIwc2FtcGxlJTIwJTNDJTJGYSUzRSUyMCUzQ2ElMjBocmVmJTNEJTIyaHR0cHMlM0ElMkYlMkZ3d3cuZXFwaG90b25pY3MuZGUlMkZlbiUyRnlvdXItcmVxdWVzdCUyRiUzRmZvcm1fQVJUREVSQU5GUkFHRSUzRFByZWlzJTI2YW1wJTNCZm9ybV9QUk9EVUtUQkVaRUlDSE5VTkclM0RQaG90b2Rpb2RlLWFuZC1SZWNlaXZlciUyMiUyMGNsYXNzJTNEJTIyYnRuJTIwcHJlaXMlMjBzaW5nbGVfYnV0dG9uJTIyJTNFTWFrZSUyMGElMjBwcmljZSUyMHJlcXVlc3QlM0MlMkZhJTNF[\/vc_raw_html][\/vc_column][\/vc_row][vc_row text_align=&#8221;center&#8221; animation_type=&#8221;fadeInRight&#8221; el_class=&#8221;sect&#8221; css=&#8221;.vc_custom_1625210740851{padding-top: 0px !important;}&#8221;][vc_column][vc_column_text]<\/p>\n<h3>Important specifications<\/h3>\n<p>[\/vc_column_text][vc_column_text]<\/p>\n<table class=\"tab-content technicaldata\" border=\"0\" cellspacing=\"0\" cellpadding=\"0\">\n<thead>\n<tr>\n<td>Product series<\/td>\n<td>Frequency range<br \/>\n[MHz]<\/td>\n<td>Amplifyer<br \/>\nGain [dB]<\/td>\n<td>Dark Current<br \/>\n[nA]<\/td>\n<td>Capacity<br \/>\n[pF]<\/td>\n<td>DSO<br \/>\n[dBc]<\/td>\n<td>DTO<br \/>\n[dc]<\/td>\n<td>Wavelength<br \/>\n[nm]<\/td>\n<td>Responsivity<br \/>\n1310nm \/ 1550nm<br \/>\n[A\/W]<\/td>\n<td>Fiber length<br \/>\n[cm]<\/td>\n<td>Optical<br \/>\nConnector<\/td>\n<td>Packaging<\/td>\n<\/tr>\n<\/thead>\n<tbody>\n<tr>\n<td><a href=\"https:\/\/www.eqphotonics.de\/wp-content\/uploads\/2651AE.pdf\" target=\"_blank\" rel=\"noopener\"><i class=\"fas fa-file\"><\/i> 2651 A\/E<\/a><\/td>\n<td>0 &#8211; 1000<\/td>\n<td>wo amp<\/td>\n<td>5<\/td>\n<td>0,35<\/td>\n<td>-75<\/td>\n<td>-85<\/td>\n<td>1100 &#8211; 1600<\/td>\n<td>0,9 \/ 0,98<\/td>\n<td>38 &#8211; 100<\/td>\n<td>FC\/APC,<br \/>\nFC\/UPC,<br \/>\nSC\/APC 8\u00b0,<br \/>\nSC\/APC 9\u00b0,<br \/>\nSC\/UPC,<br \/>\nE2000<\/td>\n<td>coaxial,<br \/>\nTO-46<\/td>\n<\/tr>\n<tr>\n<td><a href=\"https:\/\/www.eqphotonics.de\/wp-content\/uploads\/2651AE.pdf\" target=\"_blank\" rel=\"noopener\"><i class=\"fas fa-file\"><\/i> 2651 A\/E<\/a><\/td>\n<td>0 &#8211; 3000<\/td>\n<td>wo amp<\/td>\n<td>5<\/td>\n<td>0,35<\/td>\n<td>-75<\/td>\n<td>-85<\/td>\n<td>1100 &#8211; 1600<\/td>\n<td>0,9 \/ 0,99<\/td>\n<td>38 &#8211; 100<\/td>\n<td>FC\/APC,<br \/>\nFC\/UPC,<br \/>\nSC\/APC 8\u00b0,<br \/>\nSC\/APC 9\u00b0,<br \/>\nSC\/UPC,<br \/>\nE2001<\/td>\n<td>coaxial,<br \/>\nTO-46<\/td>\n<\/tr>\n<tr>\n<td><a href=\"https:\/\/www.eqphotonics.de\/wp-content\/uploads\/2653AE.pdf\" target=\"_blank\" rel=\"noopener\"><i class=\"fas fa-file\"><\/i> 2653 A\/E<\/a><\/td>\n<td>0 &#8211; 4000<\/td>\n<td>wo amp<\/td>\n<td>5<\/td>\n<td>0,35<\/td>\n<td>k.A.<\/td>\n<td>k.A.<\/td>\n<td>1100 &#8211; 1600<\/td>\n<td>0,85 \/ 0,95<\/td>\n<td>115<\/td>\n<td>SC\/APC 8\u00b0<\/td>\n<td>coaxial,<br \/>\nTO-46<\/td>\n<\/tr>\n<tr>\n<td><a href=\"https:\/\/www.eqphotonics.de\/wp-content\/uploads\/2653AE.pdf\" target=\"_blank\" rel=\"noopener\"><i class=\"fas fa-file\"><\/i> 2653 A\/E<\/a><\/td>\n<td>0 &#8211; 6000<\/td>\n<td>wo amp<\/td>\n<td>5<\/td>\n<td>0,35<\/td>\n<td>k.A.<\/td>\n<td>k.A.<\/td>\n<td>1100 &#8211; 1600<\/td>\n<td>0,85 \/ 0,95<\/td>\n<td>115<\/td>\n<td>SC\/APC 8\u00b0<\/td>\n<td>coaxial,<br \/>\nTO-46<\/td>\n<\/tr>\n<tr>\n<td><a href=\"https:\/\/www.eqphotonics.de\/wp-content\/uploads\/7830W.pdf\" target=\"_blank\" rel=\"noopener\"><i class=\"fas fa-file\"><\/i> 7830 W<\/a><\/td>\n<td>40 &#8211; 3000<\/td>\n<td>15<\/td>\n<td>NA<\/td>\n<td>NA<\/td>\n<td>-53<\/td>\n<td>-85<\/td>\n<td>1260 &#8211; 1620<\/td>\n<td>0,8 \/ 0,9<\/td>\n<td>115<\/td>\n<td>FC\/APC,<br \/>\nSC\/APC,<br \/>\nSC\/UPC,<br \/>\nLC\/UPC<\/td>\n<td>DIL<\/td>\n<\/tr>\n<\/tbody>\n<\/table>\n<p>[\/vc_column_text][\/vc_column][\/vc_row][vc_row full_width=&#8221;stretch_row_content_no_spaces&#8221; wrap_container=&#8221;yes&#8221; el_class=&#8221;sect&#8221; css=&#8221;.vc_custom_1625154311684{margin-top: 0px !important;margin-right: 0px !important;margin-bottom: 0px !important;margin-left: 0px !important;padding-top: 0px !important;padding-right: 0px !important;padding-bottom: 0px !important;padding-left: 0px !important;}&#8221;][vc_column][vc_widget_sidebar sidebar_id=&#8221;contactbox5&#8243;][\/vc_column][\/vc_row]<\/p>\n<\/div>","protected":false},"excerpt":{"rendered":"<p>[vc_row wrap_container=&#8221;yes&#8221; parallax=&#8221;content-moving&#8221; parallax_image=&#8221;18&#8243; css=&#8221;.vc_custom_1623660452678{padding-top: 50px !important;}&#8221;][vc_column css=&#8221;.vc_custom_1543888239030{padding-bottom: 50px !important;}&#8221;][\/vc_column][\/vc_row][vc_row wrap_container=&#8221;yes&#8221; animation_type=&#8221;fadeInRight&#8221; el_class=&#8221;sect&#8221; css=&#8221;.vc_custom_1625154277111{padding-bottom: 0px !important;}&#8221;][vc_column][vc_row_inner][vc_column_inner width=&#8221;1\/3&#8243;][vc_raw_html]JTNDZGl2JTIwY2xhc3MlM0QlMjJwb3J0by1idG4tY3RuLWxlZnQlMjAlMjIlM0UlM0NhJTIwY2xhc3MlM0QlMjJwb3J0by1idG4lMjBwb3J0by1hZGp1c3QtYm90dG9tLW1hcmdpbiUyMHBvcnRvLWJ0bi1taW5pJTIwcG9ydG8tYnRuLW5vLWhvdmVyLWJnJTIwJTIwd3BiX2N1c3RvbV9mYTUxMDg4YzI1NjdiNzgwMTAwYzFlZGNmODgyMWQzYiUyMCUyMHBvcnRvLWJ0bi1sZWZ0JTIwJTIyJTIwcmVsJTNEJTIyJTIyJTIwaHJlZiUzRCUyMmphdmFzY3JpcHQlM0FoaXN0b3J5LmJhY2slMjglMjklM0IlMjIlMjBkYXRhLWhvdmVyJTNEJTIyJTIyJTIwZGF0YS1ib3JkZXItY29sb3IlM0QlMjIlMjIlMjBkYXRhLWJnJTNEJTIyJTIzNzc3Nzc3JTIyJTIwZGF0YS1ob3Zlci1iZyUzRCUyMiUyMiUyMGRhdGEtYm9yZGVyLWhvdmVyJTNEJTIyJTIyJTIwZGF0YS1zaGFkb3ctY2xpY2slM0QlMjJub25lJTIyJTIwZGF0YS1zaGFkb3clM0QlMjIlMjIlMjBzdHlsZSUzRCUyMmJvcmRlciUzQW5vbmUlM0JiYWNrZ3JvdW5kJTNBJTIwJTIzNzc3Nzc3JTNCY29sb3IlM0ElMjAlMjNmZmZmZmYlM0IlMjIlM0UlM0NzcGFuJTIwY2xhc3MlM0QlMjJwb3J0by1idG4taG92ZXIlMjIlM0UlM0MlMkZzcGFuJTNFJTNDc3BhbiUyMGNsYXNzJTNEJTIycG9ydG8tYnRuLWRhdGElMjBwb3J0by1idG4tdGV4dCUyMCUyMiUzRUJhY2slMjB0byUyMG92ZXJ2aWV3JTNDJTJGc3BhbiUzRSUzQyUyRmElM0UlM0MlMkZkaXYlM0U=[\/vc_raw_html][vc_column_text] Photodiode and Receiver for DAS and Wireless from Emcore Emcore Photodiodes and Receivers utilize \u201cGenuine ORTEL Technology\u201d which has symbolized the highest standard in linear high-speed photonics that drove the wide-scale deployment fiber optics in cable TV networks, [&hellip;]<\/p>\n","protected":false},"author":1,"featured_media":0,"parent":35625,"menu_order":300,"comment_status":"closed","ping_status":"closed","template":"","meta":{"_acf_changed":false,"footnotes":""},"class_list":["post-38034","page","type-page","status-publish","hentry"],"acf":[],"yoast_head":"<!-- This site is optimized with the Yoast SEO plugin v27.4 - https:\/\/yoast.com\/product\/yoast-seo-wordpress\/ -->\n<title>InGaAs-Fotodioden und Receiver f\u00fcr DAS und Wireless - EQ Photonics - Laser + Optoelektronik<\/title>\n<meta name=\"description\" content=\"kosteng\u00fcnstig, super zuverl\u00e4ssig, h\u00f6chste Performance bis zu 6 GHz, designed und produziert vom Pionier der analogen LWL-Signal\u00fcbertragung\" \/>\n<meta name=\"robots\" content=\"index, follow, max-snippet:-1, max-image-preview:large, max-video-preview:-1\" \/>\n<link rel=\"canonical\" href=\"https:\/\/www.eqphotonics.de\/en\/products\/fiber-optic-transmission-technology\/das-lwl-components\/receivers\/\" \/>\n<meta name=\"twitter:label1\" content=\"Est. reading time\" \/>\n\t<meta name=\"twitter:data1\" content=\"3 minutes\" \/>\n<script type=\"application\/ld+json\" class=\"yoast-schema-graph\">{\"@context\":\"https:\\\/\\\/schema.org\",\"@graph\":[{\"@type\":\"WebPage\",\"@id\":\"https:\\\/\\\/www.eqphotonics.de\\\/en\\\/products\\\/fiber-optic-transmission-technology\\\/das-lwl-components\\\/receivers\\\/\",\"url\":\"https:\\\/\\\/www.eqphotonics.de\\\/en\\\/products\\\/fiber-optic-transmission-technology\\\/das-lwl-components\\\/receivers\\\/\",\"name\":\"InGaAs-Fotodioden und Receiver f\u00fcr DAS und Wireless - EQ Photonics - Laser + Optoelektronik\",\"isPartOf\":{\"@id\":\"https:\\\/\\\/www.eqphotonics.de\\\/en\\\/#website\"},\"primaryImageOfPage\":{\"@id\":\"https:\\\/\\\/www.eqphotonics.de\\\/en\\\/products\\\/fiber-optic-transmission-technology\\\/das-lwl-components\\\/receivers\\\/#primaryimage\"},\"image\":{\"@id\":\"https:\\\/\\\/www.eqphotonics.de\\\/en\\\/products\\\/fiber-optic-transmission-technology\\\/das-lwl-components\\\/receivers\\\/#primaryimage\"},\"thumbnailUrl\":\"https:\\\/\\\/www.eqphotonics.de\\\/wp-content\\\/uploads\\\/emcore_logo.png\",\"datePublished\":\"2021-11-03T15:23:24+00:00\",\"dateModified\":\"2025-08-07T12:00:37+00:00\",\"description\":\"kosteng\u00fcnstig, super zuverl\u00e4ssig, h\u00f6chste Performance bis zu 6 GHz, designed und produziert vom Pionier der analogen LWL-Signal\u00fcbertragung\",\"breadcrumb\":{\"@id\":\"https:\\\/\\\/www.eqphotonics.de\\\/en\\\/products\\\/fiber-optic-transmission-technology\\\/das-lwl-components\\\/receivers\\\/#breadcrumb\"},\"inLanguage\":\"en-US\",\"potentialAction\":[{\"@type\":\"ReadAction\",\"target\":[\"https:\\\/\\\/www.eqphotonics.de\\\/en\\\/products\\\/fiber-optic-transmission-technology\\\/das-lwl-components\\\/receivers\\\/\"]}]},{\"@type\":\"ImageObject\",\"inLanguage\":\"en-US\",\"@id\":\"https:\\\/\\\/www.eqphotonics.de\\\/en\\\/products\\\/fiber-optic-transmission-technology\\\/das-lwl-components\\\/receivers\\\/#primaryimage\",\"url\":\"https:\\\/\\\/www.eqphotonics.de\\\/wp-content\\\/uploads\\\/emcore_logo.png\",\"contentUrl\":\"https:\\\/\\\/www.eqphotonics.de\\\/wp-content\\\/uploads\\\/emcore_logo.png\"},{\"@type\":\"BreadcrumbList\",\"@id\":\"https:\\\/\\\/www.eqphotonics.de\\\/en\\\/products\\\/fiber-optic-transmission-technology\\\/das-lwl-components\\\/receivers\\\/#breadcrumb\",\"itemListElement\":[{\"@type\":\"ListItem\",\"position\":1,\"name\":\"Startseite\",\"item\":\"https:\\\/\\\/www.eqphotonics.de\\\/en\\\/\"},{\"@type\":\"ListItem\",\"position\":2,\"name\":\"Products\",\"item\":\"https:\\\/\\\/www.eqphotonics.de\\\/en\\\/products\\\/\"},{\"@type\":\"ListItem\",\"position\":3,\"name\":\"Fiber optic transmission technology\",\"item\":\"https:\\\/\\\/www.eqphotonics.de\\\/en\\\/products\\\/fiber-optic-transmission-technology\\\/\"},{\"@type\":\"ListItem\",\"position\":4,\"name\":\"DAS &#8211; LWL-Components\",\"item\":\"https:\\\/\\\/www.eqphotonics.de\\\/en\\\/produkte\\\/lwl-uebertragungstechnik\\\/das-lwl-komponenten\\\/\"},{\"@type\":\"ListItem\",\"position\":5,\"name\":\"Receivers\"}]},{\"@type\":\"WebSite\",\"@id\":\"https:\\\/\\\/www.eqphotonics.de\\\/en\\\/#website\",\"url\":\"https:\\\/\\\/www.eqphotonics.de\\\/en\\\/\",\"name\":\"EQ Photonics - Laser + Optoelektronik\",\"description\":\"\",\"publisher\":{\"@id\":\"https:\\\/\\\/www.eqphotonics.de\\\/en\\\/#organization\"},\"potentialAction\":[{\"@type\":\"SearchAction\",\"target\":{\"@type\":\"EntryPoint\",\"urlTemplate\":\"https:\\\/\\\/www.eqphotonics.de\\\/en\\\/?s={search_term_string}\"},\"query-input\":{\"@type\":\"PropertyValueSpecification\",\"valueRequired\":true,\"valueName\":\"search_term_string\"}}],\"inLanguage\":\"en-US\"},{\"@type\":\"Organization\",\"@id\":\"https:\\\/\\\/www.eqphotonics.de\\\/en\\\/#organization\",\"name\":\"EQ Photonics GmbH\",\"url\":\"https:\\\/\\\/www.eqphotonics.de\\\/en\\\/\",\"logo\":{\"@type\":\"ImageObject\",\"inLanguage\":\"en-US\",\"@id\":\"https:\\\/\\\/www.eqphotonics.de\\\/en\\\/#\\\/schema\\\/logo\\\/image\\\/\",\"url\":\"https:\\\/\\\/www.eqphotonics.de\\\/wp-content\\\/uploads\\\/eqp_logo.png\",\"contentUrl\":\"https:\\\/\\\/www.eqphotonics.de\\\/wp-content\\\/uploads\\\/eqp_logo.png\",\"width\":94,\"height\":98,\"caption\":\"EQ Photonics GmbH\"},\"image\":{\"@id\":\"https:\\\/\\\/www.eqphotonics.de\\\/en\\\/#\\\/schema\\\/logo\\\/image\\\/\"}}]}<\/script>\n<!-- \/ Yoast SEO plugin. -->","yoast_head_json":{"title":"InGaAs-Fotodioden und Receiver f\u00fcr DAS und Wireless - EQ Photonics - Laser + Optoelektronik","description":"kosteng\u00fcnstig, super zuverl\u00e4ssig, h\u00f6chste Performance bis zu 6 GHz, designed und produziert vom Pionier der analogen LWL-Signal\u00fcbertragung","robots":{"index":"index","follow":"follow","max-snippet":"max-snippet:-1","max-image-preview":"max-image-preview:large","max-video-preview":"max-video-preview:-1"},"canonical":"https:\/\/www.eqphotonics.de\/en\/products\/fiber-optic-transmission-technology\/das-lwl-components\/receivers\/","twitter_misc":{"Est. reading time":"3 minutes"},"schema":{"@context":"https:\/\/schema.org","@graph":[{"@type":"WebPage","@id":"https:\/\/www.eqphotonics.de\/en\/products\/fiber-optic-transmission-technology\/das-lwl-components\/receivers\/","url":"https:\/\/www.eqphotonics.de\/en\/products\/fiber-optic-transmission-technology\/das-lwl-components\/receivers\/","name":"InGaAs-Fotodioden und Receiver f\u00fcr DAS und Wireless - EQ Photonics - Laser + Optoelektronik","isPartOf":{"@id":"https:\/\/www.eqphotonics.de\/en\/#website"},"primaryImageOfPage":{"@id":"https:\/\/www.eqphotonics.de\/en\/products\/fiber-optic-transmission-technology\/das-lwl-components\/receivers\/#primaryimage"},"image":{"@id":"https:\/\/www.eqphotonics.de\/en\/products\/fiber-optic-transmission-technology\/das-lwl-components\/receivers\/#primaryimage"},"thumbnailUrl":"https:\/\/www.eqphotonics.de\/wp-content\/uploads\/emcore_logo.png","datePublished":"2021-11-03T15:23:24+00:00","dateModified":"2025-08-07T12:00:37+00:00","description":"kosteng\u00fcnstig, super zuverl\u00e4ssig, h\u00f6chste Performance bis zu 6 GHz, designed und produziert vom Pionier der analogen LWL-Signal\u00fcbertragung","breadcrumb":{"@id":"https:\/\/www.eqphotonics.de\/en\/products\/fiber-optic-transmission-technology\/das-lwl-components\/receivers\/#breadcrumb"},"inLanguage":"en-US","potentialAction":[{"@type":"ReadAction","target":["https:\/\/www.eqphotonics.de\/en\/products\/fiber-optic-transmission-technology\/das-lwl-components\/receivers\/"]}]},{"@type":"ImageObject","inLanguage":"en-US","@id":"https:\/\/www.eqphotonics.de\/en\/products\/fiber-optic-transmission-technology\/das-lwl-components\/receivers\/#primaryimage","url":"https:\/\/www.eqphotonics.de\/wp-content\/uploads\/emcore_logo.png","contentUrl":"https:\/\/www.eqphotonics.de\/wp-content\/uploads\/emcore_logo.png"},{"@type":"BreadcrumbList","@id":"https:\/\/www.eqphotonics.de\/en\/products\/fiber-optic-transmission-technology\/das-lwl-components\/receivers\/#breadcrumb","itemListElement":[{"@type":"ListItem","position":1,"name":"Startseite","item":"https:\/\/www.eqphotonics.de\/en\/"},{"@type":"ListItem","position":2,"name":"Products","item":"https:\/\/www.eqphotonics.de\/en\/products\/"},{"@type":"ListItem","position":3,"name":"Fiber optic transmission technology","item":"https:\/\/www.eqphotonics.de\/en\/products\/fiber-optic-transmission-technology\/"},{"@type":"ListItem","position":4,"name":"DAS &#8211; LWL-Components","item":"https:\/\/www.eqphotonics.de\/en\/produkte\/lwl-uebertragungstechnik\/das-lwl-komponenten\/"},{"@type":"ListItem","position":5,"name":"Receivers"}]},{"@type":"WebSite","@id":"https:\/\/www.eqphotonics.de\/en\/#website","url":"https:\/\/www.eqphotonics.de\/en\/","name":"EQ Photonics - Laser + Optoelektronik","description":"","publisher":{"@id":"https:\/\/www.eqphotonics.de\/en\/#organization"},"potentialAction":[{"@type":"SearchAction","target":{"@type":"EntryPoint","urlTemplate":"https:\/\/www.eqphotonics.de\/en\/?s={search_term_string}"},"query-input":{"@type":"PropertyValueSpecification","valueRequired":true,"valueName":"search_term_string"}}],"inLanguage":"en-US"},{"@type":"Organization","@id":"https:\/\/www.eqphotonics.de\/en\/#organization","name":"EQ Photonics GmbH","url":"https:\/\/www.eqphotonics.de\/en\/","logo":{"@type":"ImageObject","inLanguage":"en-US","@id":"https:\/\/www.eqphotonics.de\/en\/#\/schema\/logo\/image\/","url":"https:\/\/www.eqphotonics.de\/wp-content\/uploads\/eqp_logo.png","contentUrl":"https:\/\/www.eqphotonics.de\/wp-content\/uploads\/eqp_logo.png","width":94,"height":98,"caption":"EQ Photonics GmbH"},"image":{"@id":"https:\/\/www.eqphotonics.de\/en\/#\/schema\/logo\/image\/"}}]}},"_links":{"self":[{"href":"https:\/\/www.eqphotonics.de\/en\/wp-json\/wp\/v2\/pages\/38034","targetHints":{"allow":["GET"]}}],"collection":[{"href":"https:\/\/www.eqphotonics.de\/en\/wp-json\/wp\/v2\/pages"}],"about":[{"href":"https:\/\/www.eqphotonics.de\/en\/wp-json\/wp\/v2\/types\/page"}],"author":[{"embeddable":true,"href":"https:\/\/www.eqphotonics.de\/en\/wp-json\/wp\/v2\/users\/1"}],"replies":[{"embeddable":true,"href":"https:\/\/www.eqphotonics.de\/en\/wp-json\/wp\/v2\/comments?post=38034"}],"version-history":[{"count":2,"href":"https:\/\/www.eqphotonics.de\/en\/wp-json\/wp\/v2\/pages\/38034\/revisions"}],"predecessor-version":[{"id":75318,"href":"https:\/\/www.eqphotonics.de\/en\/wp-json\/wp\/v2\/pages\/38034\/revisions\/75318"}],"up":[{"embeddable":true,"href":"https:\/\/www.eqphotonics.de\/en\/wp-json\/wp\/v2\/pages\/35625"}],"wp:attachment":[{"href":"https:\/\/www.eqphotonics.de\/en\/wp-json\/wp\/v2\/media?parent=38034"}],"curies":[{"name":"wp","href":"https:\/\/api.w.org\/{rel}","templated":true}]}}