{"id":38025,"date":"2021-11-03T15:52:57","date_gmt":"2021-11-03T14:52:57","guid":{"rendered":"https:\/\/www.eqphotonics.de\/products\/fiber-optic-transmission-technology\/das-lwl-components\/dfb-laserdioden\/"},"modified":"2025-08-07T13:57:25","modified_gmt":"2025-08-07T11:57:25","slug":"dfb-laserdiodes","status":"publish","type":"page","link":"https:\/\/www.eqphotonics.de\/en\/products\/fiber-optic-transmission-technology\/das-lwl-components\/dfb-laserdiodes\/","title":{"rendered":"DFB-Laserdiodes"},"content":{"rendered":"<div class=\"wpb-content-wrapper\"><p>[vc_row wrap_container=&#8221;yes&#8221; parallax=&#8221;content-moving&#8221; parallax_image=&#8221;18&#8243; css=&#8221;.vc_custom_1623660452678{padding-top: 50px !important;}&#8221;][vc_column css=&#8221;.vc_custom_1543888239030{padding-bottom: 50px !important;}&#8221;]<div class=\"page-top page-header-1   wpb_custom_2a9d21ec3bca3fcc4fd4297ed437a594\" data-appear-animation=\"fadeInUp\" data-appear-animation-delay=\"200\"><style>.page-top { background: none; border-bottom: none; } .page-top .page-title:not(.b-none):after { display: none; }.page-top .breadcrumbs-wrap { color: rgba(255,255,255,0.7)}.page-top .breadcrumbs-wrap a { color: #ffffff }.page-top .page-title {color: #ffffff;font-size: 2.75em;}<\/style><div class=\"container\">\r\n\t<div class=\"row\">\r\n\t\t<div class=\"col-lg-12\">\r\n\t\t\t\t\t\t\t<nav aria-label=\"breadcrumb\" class=\"breadcrumbs-wrap\">\r\n\t\t\t\t\t<ul class=\"breadcrumb\" itemscope itemtype=\"https:\/\/schema.org\/BreadcrumbList\"><li class=\"home\" itemprop=\"itemListElement\" itemscope itemtype=\"https:\/\/schema.org\/ListItem\"><a itemprop=\"item\" href=\"https:\/\/www.eqphotonics.de\/en\/\" title=\"Go to Home Page\"><span itemprop=\"name\">Home<\/span><\/a><meta itemprop=\"position\" content=\"1\" \/><i class=\"delimiter\"><\/i><\/li><\/ul>\t\t\t\t<\/nav>\r\n\t\t\t\t\t\t<div class=\"page-title-wrap\">\r\n\t\t\t\t\t\t\t\t<h1 class=\"page-title\"><\/h1>\r\n\t\t\t\t\t\t\t<\/div>\r\n\t\t\t\t\t<\/div>\r\n\t<\/div>\r\n<\/div>\r\n<\/div>[\/vc_column][\/vc_row][vc_row wrap_container=&#8221;yes&#8221; animation_type=&#8221;fadeInRight&#8221; el_class=&#8221;sect&#8221; css=&#8221;.vc_custom_1625154277111{padding-bottom: 0px !important;}&#8221;][vc_column][vc_row_inner][vc_column_inner width=&#8221;1\/3&#8243;][vc_raw_html]JTNDZGl2JTIwY2xhc3MlM0QlMjJwb3J0by1idG4tY3RuLWxlZnQlMjAlMjIlM0UlM0NhJTIwY2xhc3MlM0QlMjJwb3J0by1idG4lMjBwb3J0by1hZGp1c3QtYm90dG9tLW1hcmdpbiUyMHBvcnRvLWJ0bi1taW5pJTIwcG9ydG8tYnRuLW5vLWhvdmVyLWJnJTIwJTIwd3BiX2N1c3RvbV9mYTUxMDg4YzI1NjdiNzgwMTAwYzFlZGNmODgyMWQzYiUyMCUyMHBvcnRvLWJ0bi1sZWZ0JTIwJTIyJTIwcmVsJTNEJTIyJTIyJTIwaHJlZiUzRCUyMmphdmFzY3JpcHQlM0FoaXN0b3J5LmJhY2slMjglMjklM0IlMjIlMjBkYXRhLWhvdmVyJTNEJTIyJTIyJTIwZGF0YS1ib3JkZXItY29sb3IlM0QlMjIlMjIlMjBkYXRhLWJnJTNEJTIyJTIzNzc3Nzc3JTIyJTIwZGF0YS1ob3Zlci1iZyUzRCUyMiUyMiUyMGRhdGEtYm9yZGVyLWhvdmVyJTNEJTIyJTIyJTIwZGF0YS1zaGFkb3ctY2xpY2slM0QlMjJub25lJTIyJTIwZGF0YS1zaGFkb3clM0QlMjIlMjIlMjBzdHlsZSUzRCUyMmJvcmRlciUzQW5vbmUlM0JiYWNrZ3JvdW5kJTNBJTIwJTIzNzc3Nzc3JTNCY29sb3IlM0ElMjAlMjNmZmZmZmYlM0IlMjIlM0UlM0NzcGFuJTIwY2xhc3MlM0QlMjJwb3J0by1idG4taG92ZXIlMjIlM0UlM0MlMkZzcGFuJTNFJTNDc3BhbiUyMGNsYXNzJTNEJTIycG9ydG8tYnRuLWRhdGElMjBwb3J0by1idG4tdGV4dCUyMCUyMiUzRUJhY2slMjB0byUyMG92ZXJ2aWV3JTNDJTJGc3BhbiUzRSUzQyUyRmElM0UlM0MlMkZkaXYlM0U=[\/vc_raw_html][vc_column_text]<\/p>\n<h2><strong>Laserdiodes for DAS and Wireless applications<\/strong><br \/>\nfrom Emcore<\/h2>\n<p>Emcore lasers and components utilize \u201cGenuine ORTEL Technology\u201d which has symbolized the highest standard in linear high-speed photonics that drove the wide-scale deployment fiber optics in cable TV networks, satellite earth stations, mobile phone antenna sites and military systems. Emcore leverages its linear fiber optics expertise, in combination with our vertically-integrated infrastructure and high-volume manufacturing to deliver the highest quality fiber optic components available today.[\/vc_column_text][\/vc_column_inner][vc_column_inner width=&#8221;1\/3&#8243;][vc_gallery type=&#8221;flexslider_slide&#8221; interval=&#8221;10&#8243; images=&#8221;24635,24938&#8243; img_size=&#8221;large&#8221;][vc_empty_space height=&#8221;35px&#8221;][\/vc_column_inner][vc_column_inner width=&#8221;1\/3&#8243;]<div class=\"porto-toggles wpb_content_element  additional\">[vc_toggle title=&#8221;Datasheets&#8221; show_icon=&#8221;yes&#8221; icon=&#8221;fas fa-file&#8221;]<a href=\"https:\/\/www.eqphotonics.de\/wp-content\/uploads\/1615A.pdf target=\" rel=\"noopener\"><i class=\"fas fa-file\"><\/i> DFB-Laserdiode 1615 A<\/a><br \/>\n<a href=\"https:\/\/www.eqphotonics.de\/wp-content\/uploads\/1764-C_Band.pdf\" target=\"_blank\" rel=\"noopener\"><i class=\"fas fa-file\"><\/i> DFB-Laserdiode 1764 C<\/a><br \/>\n<a href=\"https:\/\/www.eqphotonics.de\/wp-content\/uploads\/1933FRW.pdf\" target=\"_blank\" rel=\"noopener\"><i class=\"fas fa-file\"><\/i> DFB-Laserdiode 1933 F\/R\/W<\/a><br \/>\n<a href=\"https:\/\/www.eqphotonics.de\/wp-content\/uploads\/1935FRW.pdf\" target=\"_blank\" rel=\"noopener\"><i class=\"fas fa-file\"><\/i> DFB-Laserdiode 1935 F\/R\/W<\/a><br \/>\n<a href=\"https:\/\/www.eqphotonics.de\/wp-content\/uploads\/1997.pdf\" target=\"_blank\" rel=\"noopener\"><i class=\"fas fa-file\"><\/i> DFB-Laserdiode 1997<\/a>[\/vc_toggle][vc_toggle title=&#8221;Additional products&#8221; show_icon=&#8221;yes&#8221; icon=&#8221;fas fa-plus-circle&#8221;]<a href=\"https:\/\/www.eqphotonics.de\/en\/products\/fiber-optic-transmission-technology\/das-lwl-components\/receivers\/\" rel=\"noopener\"><i class=\"fas fa-plus-circle\"><\/i> DAS &#8211; Photodiodes<\/a>[\/vc_toggle][vc_toggle title=&#8221;Video&#8221; show_icon=&#8221;yes&#8221; icon=&#8221;fab fa-youtube&#8221;]<a class=\"porto-popup-iframe\" title=\"Lightbox porto\" href=\"\/wp-content\/uploads\/EMCORE_Chip_Wafer_Fab_Overview.mp4\"><i class=\"fab fa-youtube\"><\/i> EMCORE Chip Wafer Fab Overview<\/a>[\/vc_toggle][vc_toggle title=&#8221;Supplier&#8221; show_icon=&#8221;yes&#8221; icon=&#8221;fas fa-home&#8221;]<img loading=\"lazy\" decoding=\"async\" class=\"aligncenter wp-image-14734 size-full\" src=\"https:\/\/www.eqphotonics.de\/wp-content\/uploads\/emcore_logo.png\" alt=\"\" width=\"200\" height=\"100\" \/>[\/vc_toggle]<\/div>[\/vc_column_inner][\/vc_row_inner][vc_row_inner][vc_column_inner width=&#8221;1\/2&#8243;][vc_column_text]<\/p>\n<h3>Markets<\/h3>\n<ul>\n<li>TVRO<\/li>\n<li>Broadcast<\/li>\n<li>Earth stations<\/li>\n<li>Headends<\/li>\n<li>VSAT<\/li>\n<li>GPS<\/li>\n<li>Wireless<\/li>\n<li>Cellular<\/li>\n<\/ul>\n<p>[\/vc_column_text][\/vc_column_inner][vc_column_inner width=&#8221;1\/2&#8243;][vc_column_text]<\/p>\n<h3>Applications<\/h3>\n<ul>\n<li>Wireless Networks<\/li>\n<li>DAS Applications<\/li>\n<li>Architectures Using Separate Optical Wavelengths to Carry Targeted Services<\/li>\n<\/ul>\n<p>[\/vc_column_text][\/vc_column_inner][\/vc_row_inner][vc_row_inner][vc_column_inner width=&#8221;1\/2&#8243;][vc_column_text]<\/p>\n<h3>Features<\/h3>\n<ul>\n<li>Standard ITU Grid Wavelengths<\/li>\n<li>Advanced Analog Chip Design<\/li>\n<li>Reduced Equipment Requirements in the Hub<\/li>\n<li>OC-48 Pin Out<\/li>\n<li>Telcordia Technologies\u2122 468 Compliant<\/li>\n<li>Wide Temperature Range \u2013 Stable Even in Harsh Environments<\/li>\n<li>RoHS Compliant<\/li>\n<\/ul>\n<p>[\/vc_column_text][\/vc_column_inner][vc_column_inner width=&#8221;1\/2&#8243;][\/vc_column_inner][\/vc_row_inner][\/vc_column][\/vc_row][vc_row wrap_container=&#8221;yes&#8221; conditional_render=&#8221;%5B%7B%22value_role%22%3A%22administrator%22%7D%5D&#8221; css_params=&#8221;&#8221; el_class=&#8221;ctabuttons&#8221;][vc_column][vc_raw_html css=&#8221;&#8221; css_params=&#8221;&#8221;]JTNDYSUyMGhyZWYlM0QlMjJodHRwcyUzQSUyRiUyRnd3dy5lcXBob3Rvbmljcy5kZSUyRmVuJTJGeW91ci1yZXF1ZXN0JTJGJTNGZm9ybV9BUlRERVJBTkZSQUdFJTNETXVzdGVyJTI2YW1wJTNCZm9ybV9QUk9EVUtUQkVaRUlDSE5VTkclM0RkZmItbGFzZXJkaW9kZXMlMjIlMjBjbGFzcyUzRCUyMmJ0biUyMG11c3RlciUyMHNpbmdsZV9idXR0b24lMjIlM0VSZXF1ZXN0JTIwYSUyMHNhbXBsZSUyMCUzQyUyRmElM0UlMjAlM0NhJTIwaHJlZiUzRCUyMmh0dHBzJTNBJTJGJTJGd3d3LmVxcGhvdG9uaWNzLmRlJTJGZW4lMkZ5b3VyLXJlcXVlc3QlMkYlM0Zmb3JtX0FSVERFUkFORlJBR0UlM0RQcmVpcyUyNmFtcCUzQmZvcm1fUFJPRFVLVEJFWkVJQ0hOVU5HJTNEZGZiLWxhc2VyZGlvZGVzJTIyJTIwY2xhc3MlM0QlMjJidG4lMjBwcmVpcyUyMHNpbmdsZV9idXR0b24lMjIlM0VNYWtlJTIwYSUyMHByaWNlJTIwcmVxdWVzdCUzQyUyRmElM0U=[\/vc_raw_html][\/vc_column][\/vc_row][vc_row text_align=&#8221;center&#8221; animation_type=&#8221;fadeInRight&#8221; el_class=&#8221;sect&#8221; css=&#8221;.vc_custom_1625210740851{padding-top: 0px !important;}&#8221;][vc_column][vc_column_text]<\/p>\n<h3>Important specifications<\/h3>\n<p>[\/vc_column_text][vc_column_text]<\/p>\n<table class=\"tab-content technicaldata\" border=\"0\" cellspacing=\"0\" cellpadding=\"0\">\n<thead>\n<tr>\n<td>Product Series<\/td>\n<td>Frequency range<br \/>\n[in MHz]<\/td>\n<td>Wavelength<br \/>\n[in nm]<\/td>\n<td>ITU<\/td>\n<td>Power<br \/>\n[in mW]<\/td>\n<td>Packaging<\/td>\n<td>Connector<\/td>\n<td>SMSR<br \/>\n[dB]<\/td>\n<td>RIN<br \/>\ndB\/Hz<\/td>\n<td>TEC<\/td>\n<td>Isolator<\/td>\n<\/tr>\n<\/thead>\n<tbody>\n<tr>\n<td><a href=\"https:\/\/www.eqphotonics.de\/wp-content\/uploads\/1615A.pdf\" target=\"_blank\" rel=\"noopener\"><i class=\"fas fa-file\"><\/i> 1615 A<\/a><\/td>\n<td>5 &#8211; 2700<\/td>\n<td>1310<\/td>\n<td><\/td>\n<td>8<\/td>\n<td>14-pin BF<\/td>\n<td>FC\/APC<\/td>\n<td>35<\/td>\n<td>-155<\/td>\n<td>yes<\/td>\n<td>single<\/td>\n<\/tr>\n<tr>\n<td><a href=\"https:\/\/www.eqphotonics.de\/wp-content\/uploads\/1764-C-Band.pdf\" target=\"_blank\" rel=\"noopener\"><i class=\"fas fa-file\"><\/i> 1764 C<\/a><\/td>\n<td>5 &#8211; 2700<\/td>\n<td>1563,05 &#8211; 1527,99<\/td>\n<td>18 &#8211; 62<\/td>\n<td>10<\/td>\n<td>14-pin BF<\/td>\n<td>FC\/APC, SC\/APC<\/td>\n<td>30<\/td>\n<td>-155<\/td>\n<td>yes<\/td>\n<td>single<\/td>\n<\/tr>\n<tr>\n<td><a href=\"https:\/\/www.eqphotonics.de\/wp-content\/uploads\/1933FRW.pdf\" target=\"_blank\" rel=\"noopener\"><i class=\"fas fa-file\"><\/i> 1933 F\/R\/W<\/a><\/td>\n<td>5 &#8211; 2700<\/td>\n<td>1310<\/td>\n<td><\/td>\n<td>2, 3, 4, 8, 10,<\/td>\n<td>Coaxial<\/td>\n<td>FC\/APC, SC\/APC<\/td>\n<td>30<\/td>\n<td>-150<\/td>\n<td>no<\/td>\n<td>single \/ dual<\/td>\n<\/tr>\n<tr>\n<td><a href=\"https:\/\/www.eqphotonics.de\/wp-content\/uploads\/1935FRW.pdf\" target=\"_blank\" rel=\"noopener\"><i class=\"fas fa-file\"><\/i> 1935 F\/R\/W<\/a><\/td>\n<td>5 &#8211; 2700<\/td>\n<td>1271, 1291; 1311, 1331, 1351, 1371<\/td>\n<td><\/td>\n<td>2, 3, 4, 8, 10<\/td>\n<td>Coaxial<\/td>\n<td>FC\/APC, SC\/APC<\/td>\n<td>30<\/td>\n<td>-150<\/td>\n<td>no<\/td>\n<td>single \/ dual<\/td>\n<\/tr>\n<tr>\n<td><a href=\"https:\/\/www.eqphotonics.de\/wp-content\/uploads\/1997.pdf\" target=\"_blank\" rel=\"noopener\"><i class=\"fas fa-file\"><\/i> 1997<\/a><\/td>\n<td>300 &#8211; 6000<\/td>\n<td>1270, 1290; 1310, 1330, 1350, 1370<\/td>\n<td><\/td>\n<td>2, 3, 4, 7, 10<\/td>\n<td>Coaxial<\/td>\n<td>SC\/APC<\/td>\n<td>35<\/td>\n<td>-150<\/td>\n<td>no<\/td>\n<td>single \/ dual<\/td>\n<\/tr>\n<\/tbody>\n<\/table>\n<p>[\/vc_column_text][\/vc_column][\/vc_row][vc_row full_width=&#8221;stretch_row_content_no_spaces&#8221; wrap_container=&#8221;yes&#8221; el_class=&#8221;sect&#8221; css=&#8221;.vc_custom_1625154311684{margin-top: 0px !important;margin-right: 0px !important;margin-bottom: 0px !important;margin-left: 0px !important;padding-top: 0px !important;padding-right: 0px !important;padding-bottom: 0px !important;padding-left: 0px !important;}&#8221;][vc_column][vc_widget_sidebar sidebar_id=&#8221;contactbox5&#8243;][\/vc_column][\/vc_row]<\/p>\n<\/div>","protected":false},"excerpt":{"rendered":"<p>[vc_row wrap_container=&#8221;yes&#8221; parallax=&#8221;content-moving&#8221; parallax_image=&#8221;18&#8243; css=&#8221;.vc_custom_1623660452678{padding-top: 50px !important;}&#8221;][vc_column css=&#8221;.vc_custom_1543888239030{padding-bottom: 50px !important;}&#8221;][\/vc_column][\/vc_row][vc_row wrap_container=&#8221;yes&#8221; animation_type=&#8221;fadeInRight&#8221; el_class=&#8221;sect&#8221; css=&#8221;.vc_custom_1625154277111{padding-bottom: 0px !important;}&#8221;][vc_column][vc_row_inner][vc_column_inner width=&#8221;1\/3&#8243;][vc_raw_html]JTNDZGl2JTIwY2xhc3MlM0QlMjJwb3J0by1idG4tY3RuLWxlZnQlMjAlMjIlM0UlM0NhJTIwY2xhc3MlM0QlMjJwb3J0by1idG4lMjBwb3J0by1hZGp1c3QtYm90dG9tLW1hcmdpbiUyMHBvcnRvLWJ0bi1taW5pJTIwcG9ydG8tYnRuLW5vLWhvdmVyLWJnJTIwJTIwd3BiX2N1c3RvbV9mYTUxMDg4YzI1NjdiNzgwMTAwYzFlZGNmODgyMWQzYiUyMCUyMHBvcnRvLWJ0bi1sZWZ0JTIwJTIyJTIwcmVsJTNEJTIyJTIyJTIwaHJlZiUzRCUyMmphdmFzY3JpcHQlM0FoaXN0b3J5LmJhY2slMjglMjklM0IlMjIlMjBkYXRhLWhvdmVyJTNEJTIyJTIyJTIwZGF0YS1ib3JkZXItY29sb3IlM0QlMjIlMjIlMjBkYXRhLWJnJTNEJTIyJTIzNzc3Nzc3JTIyJTIwZGF0YS1ob3Zlci1iZyUzRCUyMiUyMiUyMGRhdGEtYm9yZGVyLWhvdmVyJTNEJTIyJTIyJTIwZGF0YS1zaGFkb3ctY2xpY2slM0QlMjJub25lJTIyJTIwZGF0YS1zaGFkb3clM0QlMjIlMjIlMjBzdHlsZSUzRCUyMmJvcmRlciUzQW5vbmUlM0JiYWNrZ3JvdW5kJTNBJTIwJTIzNzc3Nzc3JTNCY29sb3IlM0ElMjAlMjNmZmZmZmYlM0IlMjIlM0UlM0NzcGFuJTIwY2xhc3MlM0QlMjJwb3J0by1idG4taG92ZXIlMjIlM0UlM0MlMkZzcGFuJTNFJTNDc3BhbiUyMGNsYXNzJTNEJTIycG9ydG8tYnRuLWRhdGElMjBwb3J0by1idG4tdGV4dCUyMCUyMiUzRUJhY2slMjB0byUyMG92ZXJ2aWV3JTNDJTJGc3BhbiUzRSUzQyUyRmElM0UlM0MlMkZkaXYlM0U=[\/vc_raw_html][vc_column_text] Laserdiodes for DAS and Wireless applications from Emcore Emcore lasers and components utilize \u201cGenuine ORTEL Technology\u201d which has symbolized the highest standard in linear high-speed photonics that drove the wide-scale deployment fiber optics in cable TV networks, satellite [&hellip;]<\/p>\n","protected":false},"author":1,"featured_media":0,"parent":35625,"menu_order":100,"comment_status":"closed","ping_status":"closed","template":"","meta":{"_acf_changed":false,"footnotes":""},"class_list":["post-38025","page","type-page","status-publish","hentry"],"acf":[],"yoast_head":"<!-- This site is optimized with the Yoast SEO plugin v27.3 - https:\/\/yoast.com\/product\/yoast-seo-wordpress\/ -->\n<title>Emcore Laserdioden f\u00fcr DAS und Mobilfunkanwendungen - EQ Photonics - Laser + Optoelektronik<\/title>\n<meta name=\"description\" content=\"DFB-Laser mit Wellenl\u00e4ngen 1310 nm, CWDM und DWDM bis 6 GHz , designed und produziert vom Pionier der analogen LWL-Signal\u00fcbertragung\" \/>\n<meta name=\"robots\" content=\"index, follow, max-snippet:-1, max-image-preview:large, max-video-preview:-1\" \/>\n<link rel=\"canonical\" href=\"https:\/\/www.eqphotonics.de\/en\/products\/fiber-optic-transmission-technology\/das-lwl-components\/dfb-laserdiodes\/\" \/>\n<meta name=\"twitter:label1\" content=\"Est. reading time\" \/>\n\t<meta name=\"twitter:data1\" content=\"3 minutes\" \/>\n<script type=\"application\/ld+json\" class=\"yoast-schema-graph\">{\"@context\":\"https:\\\/\\\/schema.org\",\"@graph\":[{\"@type\":\"WebPage\",\"@id\":\"https:\\\/\\\/www.eqphotonics.de\\\/en\\\/products\\\/fiber-optic-transmission-technology\\\/das-lwl-components\\\/dfb-laserdiodes\\\/\",\"url\":\"https:\\\/\\\/www.eqphotonics.de\\\/en\\\/products\\\/fiber-optic-transmission-technology\\\/das-lwl-components\\\/dfb-laserdiodes\\\/\",\"name\":\"Emcore Laserdioden f\u00fcr DAS und Mobilfunkanwendungen - EQ Photonics - Laser + Optoelektronik\",\"isPartOf\":{\"@id\":\"https:\\\/\\\/www.eqphotonics.de\\\/en\\\/#website\"},\"primaryImageOfPage\":{\"@id\":\"https:\\\/\\\/www.eqphotonics.de\\\/en\\\/products\\\/fiber-optic-transmission-technology\\\/das-lwl-components\\\/dfb-laserdiodes\\\/#primaryimage\"},\"image\":{\"@id\":\"https:\\\/\\\/www.eqphotonics.de\\\/en\\\/products\\\/fiber-optic-transmission-technology\\\/das-lwl-components\\\/dfb-laserdiodes\\\/#primaryimage\"},\"thumbnailUrl\":\"https:\\\/\\\/www.eqphotonics.de\\\/wp-content\\\/uploads\\\/emcore_logo.png\",\"datePublished\":\"2021-11-03T14:52:57+00:00\",\"dateModified\":\"2025-08-07T11:57:25+00:00\",\"description\":\"DFB-Laser mit Wellenl\u00e4ngen 1310 nm, CWDM und DWDM bis 6 GHz , designed und produziert vom Pionier der analogen LWL-Signal\u00fcbertragung\",\"breadcrumb\":{\"@id\":\"https:\\\/\\\/www.eqphotonics.de\\\/en\\\/products\\\/fiber-optic-transmission-technology\\\/das-lwl-components\\\/dfb-laserdiodes\\\/#breadcrumb\"},\"inLanguage\":\"en-US\",\"potentialAction\":[{\"@type\":\"ReadAction\",\"target\":[\"https:\\\/\\\/www.eqphotonics.de\\\/en\\\/products\\\/fiber-optic-transmission-technology\\\/das-lwl-components\\\/dfb-laserdiodes\\\/\"]}]},{\"@type\":\"ImageObject\",\"inLanguage\":\"en-US\",\"@id\":\"https:\\\/\\\/www.eqphotonics.de\\\/en\\\/products\\\/fiber-optic-transmission-technology\\\/das-lwl-components\\\/dfb-laserdiodes\\\/#primaryimage\",\"url\":\"https:\\\/\\\/www.eqphotonics.de\\\/wp-content\\\/uploads\\\/emcore_logo.png\",\"contentUrl\":\"https:\\\/\\\/www.eqphotonics.de\\\/wp-content\\\/uploads\\\/emcore_logo.png\"},{\"@type\":\"BreadcrumbList\",\"@id\":\"https:\\\/\\\/www.eqphotonics.de\\\/en\\\/products\\\/fiber-optic-transmission-technology\\\/das-lwl-components\\\/dfb-laserdiodes\\\/#breadcrumb\",\"itemListElement\":[{\"@type\":\"ListItem\",\"position\":1,\"name\":\"Startseite\",\"item\":\"https:\\\/\\\/www.eqphotonics.de\\\/en\\\/\"},{\"@type\":\"ListItem\",\"position\":2,\"name\":\"Products\",\"item\":\"https:\\\/\\\/www.eqphotonics.de\\\/en\\\/products\\\/\"},{\"@type\":\"ListItem\",\"position\":3,\"name\":\"Fiber optic transmission technology\",\"item\":\"https:\\\/\\\/www.eqphotonics.de\\\/en\\\/products\\\/fiber-optic-transmission-technology\\\/\"},{\"@type\":\"ListItem\",\"position\":4,\"name\":\"DAS &#8211; LWL-Components\",\"item\":\"https:\\\/\\\/www.eqphotonics.de\\\/en\\\/produkte\\\/lwl-uebertragungstechnik\\\/das-lwl-komponenten\\\/\"},{\"@type\":\"ListItem\",\"position\":5,\"name\":\"DFB-Laserdiodes\"}]},{\"@type\":\"WebSite\",\"@id\":\"https:\\\/\\\/www.eqphotonics.de\\\/en\\\/#website\",\"url\":\"https:\\\/\\\/www.eqphotonics.de\\\/en\\\/\",\"name\":\"EQ Photonics - Laser + Optoelektronik\",\"description\":\"\",\"publisher\":{\"@id\":\"https:\\\/\\\/www.eqphotonics.de\\\/en\\\/#organization\"},\"potentialAction\":[{\"@type\":\"SearchAction\",\"target\":{\"@type\":\"EntryPoint\",\"urlTemplate\":\"https:\\\/\\\/www.eqphotonics.de\\\/en\\\/?s={search_term_string}\"},\"query-input\":{\"@type\":\"PropertyValueSpecification\",\"valueRequired\":true,\"valueName\":\"search_term_string\"}}],\"inLanguage\":\"en-US\"},{\"@type\":\"Organization\",\"@id\":\"https:\\\/\\\/www.eqphotonics.de\\\/en\\\/#organization\",\"name\":\"EQ Photonics GmbH\",\"url\":\"https:\\\/\\\/www.eqphotonics.de\\\/en\\\/\",\"logo\":{\"@type\":\"ImageObject\",\"inLanguage\":\"en-US\",\"@id\":\"https:\\\/\\\/www.eqphotonics.de\\\/en\\\/#\\\/schema\\\/logo\\\/image\\\/\",\"url\":\"https:\\\/\\\/www.eqphotonics.de\\\/wp-content\\\/uploads\\\/eqp_logo.png\",\"contentUrl\":\"https:\\\/\\\/www.eqphotonics.de\\\/wp-content\\\/uploads\\\/eqp_logo.png\",\"width\":94,\"height\":98,\"caption\":\"EQ Photonics GmbH\"},\"image\":{\"@id\":\"https:\\\/\\\/www.eqphotonics.de\\\/en\\\/#\\\/schema\\\/logo\\\/image\\\/\"}}]}<\/script>\n<!-- \/ Yoast SEO plugin. -->","yoast_head_json":{"title":"Emcore Laserdioden f\u00fcr DAS und Mobilfunkanwendungen - EQ Photonics - Laser + Optoelektronik","description":"DFB-Laser mit Wellenl\u00e4ngen 1310 nm, CWDM und DWDM bis 6 GHz , designed und produziert vom Pionier der analogen LWL-Signal\u00fcbertragung","robots":{"index":"index","follow":"follow","max-snippet":"max-snippet:-1","max-image-preview":"max-image-preview:large","max-video-preview":"max-video-preview:-1"},"canonical":"https:\/\/www.eqphotonics.de\/en\/products\/fiber-optic-transmission-technology\/das-lwl-components\/dfb-laserdiodes\/","twitter_misc":{"Est. reading time":"3 minutes"},"schema":{"@context":"https:\/\/schema.org","@graph":[{"@type":"WebPage","@id":"https:\/\/www.eqphotonics.de\/en\/products\/fiber-optic-transmission-technology\/das-lwl-components\/dfb-laserdiodes\/","url":"https:\/\/www.eqphotonics.de\/en\/products\/fiber-optic-transmission-technology\/das-lwl-components\/dfb-laserdiodes\/","name":"Emcore Laserdioden f\u00fcr DAS und Mobilfunkanwendungen - EQ Photonics - Laser + Optoelektronik","isPartOf":{"@id":"https:\/\/www.eqphotonics.de\/en\/#website"},"primaryImageOfPage":{"@id":"https:\/\/www.eqphotonics.de\/en\/products\/fiber-optic-transmission-technology\/das-lwl-components\/dfb-laserdiodes\/#primaryimage"},"image":{"@id":"https:\/\/www.eqphotonics.de\/en\/products\/fiber-optic-transmission-technology\/das-lwl-components\/dfb-laserdiodes\/#primaryimage"},"thumbnailUrl":"https:\/\/www.eqphotonics.de\/wp-content\/uploads\/emcore_logo.png","datePublished":"2021-11-03T14:52:57+00:00","dateModified":"2025-08-07T11:57:25+00:00","description":"DFB-Laser mit Wellenl\u00e4ngen 1310 nm, CWDM und DWDM bis 6 GHz , designed und produziert vom Pionier der analogen LWL-Signal\u00fcbertragung","breadcrumb":{"@id":"https:\/\/www.eqphotonics.de\/en\/products\/fiber-optic-transmission-technology\/das-lwl-components\/dfb-laserdiodes\/#breadcrumb"},"inLanguage":"en-US","potentialAction":[{"@type":"ReadAction","target":["https:\/\/www.eqphotonics.de\/en\/products\/fiber-optic-transmission-technology\/das-lwl-components\/dfb-laserdiodes\/"]}]},{"@type":"ImageObject","inLanguage":"en-US","@id":"https:\/\/www.eqphotonics.de\/en\/products\/fiber-optic-transmission-technology\/das-lwl-components\/dfb-laserdiodes\/#primaryimage","url":"https:\/\/www.eqphotonics.de\/wp-content\/uploads\/emcore_logo.png","contentUrl":"https:\/\/www.eqphotonics.de\/wp-content\/uploads\/emcore_logo.png"},{"@type":"BreadcrumbList","@id":"https:\/\/www.eqphotonics.de\/en\/products\/fiber-optic-transmission-technology\/das-lwl-components\/dfb-laserdiodes\/#breadcrumb","itemListElement":[{"@type":"ListItem","position":1,"name":"Startseite","item":"https:\/\/www.eqphotonics.de\/en\/"},{"@type":"ListItem","position":2,"name":"Products","item":"https:\/\/www.eqphotonics.de\/en\/products\/"},{"@type":"ListItem","position":3,"name":"Fiber optic transmission technology","item":"https:\/\/www.eqphotonics.de\/en\/products\/fiber-optic-transmission-technology\/"},{"@type":"ListItem","position":4,"name":"DAS &#8211; LWL-Components","item":"https:\/\/www.eqphotonics.de\/en\/produkte\/lwl-uebertragungstechnik\/das-lwl-komponenten\/"},{"@type":"ListItem","position":5,"name":"DFB-Laserdiodes"}]},{"@type":"WebSite","@id":"https:\/\/www.eqphotonics.de\/en\/#website","url":"https:\/\/www.eqphotonics.de\/en\/","name":"EQ Photonics - Laser + Optoelektronik","description":"","publisher":{"@id":"https:\/\/www.eqphotonics.de\/en\/#organization"},"potentialAction":[{"@type":"SearchAction","target":{"@type":"EntryPoint","urlTemplate":"https:\/\/www.eqphotonics.de\/en\/?s={search_term_string}"},"query-input":{"@type":"PropertyValueSpecification","valueRequired":true,"valueName":"search_term_string"}}],"inLanguage":"en-US"},{"@type":"Organization","@id":"https:\/\/www.eqphotonics.de\/en\/#organization","name":"EQ Photonics GmbH","url":"https:\/\/www.eqphotonics.de\/en\/","logo":{"@type":"ImageObject","inLanguage":"en-US","@id":"https:\/\/www.eqphotonics.de\/en\/#\/schema\/logo\/image\/","url":"https:\/\/www.eqphotonics.de\/wp-content\/uploads\/eqp_logo.png","contentUrl":"https:\/\/www.eqphotonics.de\/wp-content\/uploads\/eqp_logo.png","width":94,"height":98,"caption":"EQ Photonics GmbH"},"image":{"@id":"https:\/\/www.eqphotonics.de\/en\/#\/schema\/logo\/image\/"}}]}},"_links":{"self":[{"href":"https:\/\/www.eqphotonics.de\/en\/wp-json\/wp\/v2\/pages\/38025","targetHints":{"allow":["GET"]}}],"collection":[{"href":"https:\/\/www.eqphotonics.de\/en\/wp-json\/wp\/v2\/pages"}],"about":[{"href":"https:\/\/www.eqphotonics.de\/en\/wp-json\/wp\/v2\/types\/page"}],"author":[{"embeddable":true,"href":"https:\/\/www.eqphotonics.de\/en\/wp-json\/wp\/v2\/users\/1"}],"replies":[{"embeddable":true,"href":"https:\/\/www.eqphotonics.de\/en\/wp-json\/wp\/v2\/comments?post=38025"}],"version-history":[{"count":1,"href":"https:\/\/www.eqphotonics.de\/en\/wp-json\/wp\/v2\/pages\/38025\/revisions"}],"predecessor-version":[{"id":75316,"href":"https:\/\/www.eqphotonics.de\/en\/wp-json\/wp\/v2\/pages\/38025\/revisions\/75316"}],"up":[{"embeddable":true,"href":"https:\/\/www.eqphotonics.de\/en\/wp-json\/wp\/v2\/pages\/35625"}],"wp:attachment":[{"href":"https:\/\/www.eqphotonics.de\/en\/wp-json\/wp\/v2\/media?parent=38025"}],"curies":[{"name":"wp","href":"https:\/\/api.w.org\/{rel}","templated":true}]}}