{"id":35216,"date":"2021-06-15T14:06:37","date_gmt":"2021-06-15T12:06:37","guid":{"rendered":"https:\/\/www.eqphotonics.de\/products\/fiber-optic-transmission-technology\/catv-systeme-module\/"},"modified":"2026-03-20T15:01:15","modified_gmt":"2026-03-20T14:01:15","slug":"catv-systems-modules","status":"publish","type":"page","link":"https:\/\/www.eqphotonics.de\/en\/products\/fiber-optic-transmission-technology\/catv-systems-modules\/","title":{"rendered":"CATV Systems &#038; Modules"},"content":{"rendered":"<div class=\"wpb-content-wrapper\"><p>[vc_row wrap_container=&#8221;yes&#8221; parallax=&#8221;content-moving&#8221; parallax_image=&#8221;18&#8243; css=&#8221;.vc_custom_1623660254002{padding-top: 50px !important;}&#8221;][vc_column css=&#8221;.vc_custom_1543888239030{padding-bottom: 50px !important;}&#8221;]<div class=\"page-top page-header-1   wpb_custom_2a9d21ec3bca3fcc4fd4297ed437a594\" data-appear-animation=\"fadeInUp\" data-appear-animation-delay=\"200\"><style>.page-top { background: none; border-bottom: none; } .page-top .page-title:not(.b-none):after { display: none; }.page-top .breadcrumbs-wrap { color: rgba(255,255,255,0.7)}.page-top .breadcrumbs-wrap a { color: #ffffff }.page-top .page-title {color: #ffffff;font-size: 2.75em;}<\/style><div class=\"container\">\r\n\t<div class=\"row\">\r\n\t\t<div class=\"col-lg-12\">\r\n\t\t\t\t\t\t\t<nav aria-label=\"breadcrumb\" class=\"breadcrumbs-wrap\">\r\n\t\t\t\t\t<ul class=\"breadcrumb\" itemscope itemtype=\"https:\/\/schema.org\/BreadcrumbList\"><li class=\"home\" itemprop=\"itemListElement\" itemscope itemtype=\"https:\/\/schema.org\/ListItem\"><a itemprop=\"item\" href=\"https:\/\/www.eqphotonics.de\/en\/\" title=\"Go to Home Page\"><span itemprop=\"name\">Home<\/span><\/a><meta itemprop=\"position\" content=\"1\" \/><i class=\"delimiter\"><\/i><\/li><\/ul>\t\t\t\t<\/nav>\r\n\t\t\t\t\t\t<div class=\"page-title-wrap\">\r\n\t\t\t\t\t\t\t\t<h1 class=\"page-title\"><\/h1>\r\n\t\t\t\t\t\t\t<\/div>\r\n\t\t\t\t\t<\/div>\r\n\t<\/div>\r\n<\/div>\r\n<\/div>[\/vc_column][\/vc_row][vc_row wrap_container=&#8221;yes&#8221; content_placement=&#8221;top&#8221; el_class=&#8221;sect&#8221;][vc_column width=&#8221;7\/12&#8243; offset=&#8221;vc_col-md-7&#8243; el_class=&#8221;pr-lg-5 mb-sm-5 mb-lg-0&#8243; animation_type=&#8221;fadeInLeft&#8221;][vc_single_image image=&#8221;74233&#8243; img_size=&#8221;medium&#8221; onclick=&#8221;custom_link&#8221; img_link_target=&#8221;_blank&#8221; css=&#8221;&#8221; animation_delay=&#8221;500&#8243; animation_type=&#8221;fadeInRight&#8221; el_class=&#8221;mb-5&#8243; link=&#8221;https:\/\/emcore.com\/product-category\/catv-systems-modules\/1550-nm-fiber-optic-transmitters\/&#8221; css_params=&#8221;&#8221;][vc_column_text css=&#8221;&#8221; css_params=&#8221;&#8221;]Das heutige <a href=\"https:\/\/ortel.com\/\">Ortel<\/a> (ehemals Emcore) ist nicht mehr nur ein Hersteller von CATV- und Mikrowellenprodukten. Es bietet nun auch Hochgeschwindigkeits-Analogger\u00e4te f\u00fcr sich st\u00e4ndig weiterentwickelnde drahtlose Netzwerke an. Das Portfolio umfasst leistungsstarke Sensorprodukte f\u00fcr LIDAR- und industrielle Anwendungen mit einzigartigen, anspruchsvollen Spezifikationen. Mit der Unterst\u00fctzung von Photonics Foundries und dessen Zugang zu Gro\u00dfserienfertigung \u2013 Onshore, Nearshore und Offshore \u2013 kann Ortel erweiterte Dienstleistungen und Wertversprechen anbieten, die unsere beliebten linearen Produkte weiter verbessern. Unsere CATV- und SATCOM-Portfolios haben bereits erheblich von dieser einzigartigen Vereinbarung profitiert.[\/vc_column_text][\/vc_column][vc_column width=&#8221;5\/12&#8243; offset=&#8221;vc_col-md-5&#8243;][vc_single_image image=&#8221;24938&#8243; img_size=&#8221;full&#8221; css=&#8221;&#8221; label=&#8221;&#8221; css_params=&#8221;&#8221;][vc_empty_space height=&#8221;25px&#8221;][vc_widget_sidebar sidebar_id=&#8221;contactbox5&#8243;][\/vc_column][\/vc_row][vc_row wrap_container=&#8221;yes&#8221; conditional_render=&#8221;%5B%7B%22value_role%22%3A%22administrator%22%7D%5D&#8221; css_params=&#8221;&#8221; el_class=&#8221;ctabuttons&#8221;][vc_column][vc_raw_html css=&#8221;&#8221; css_params=&#8221;&#8221;]JTNDYSUyMGhyZWYlM0QlMjJodHRwcyUzQSUyRiUyRnd3dy5lcXBob3Rvbmljcy5kZSUyRmVuJTJGeW91ci1yZXF1ZXN0JTJGJTNGZm9ybV9BUlRERVJBTkZSQUdFJTNETXVzdGVyJTI2YW1wJTNCZm9ybV9QUk9EVUtUQkVaRUlDSE5VTkclM0RjYXR2LXN5c3RlbXMtbW9kdWxlcyUyMiUyMGNsYXNzJTNEJTIyYnRuJTIwbXVzdGVyJTIwc2luZ2xlX2J1dHRvbiUyMiUzRVJlcXVlc3QlMjBhJTIwc2FtcGxlJTIwJTNDJTJGYSUzRSUyMCUzQ2ElMjBocmVmJTNEJTIyaHR0cHMlM0ElMkYlMkZ3d3cuZXFwaG90b25pY3MuZGUlMkZlbiUyRnlvdXItcmVxdWVzdCUyRiUzRmZvcm1fQVJUREVSQU5GUkFHRSUzRFByZWlzJTI2YW1wJTNCZm9ybV9QUk9EVUtUQkVaRUlDSE5VTkclM0RjYXR2LXN5c3RlbXMtbW9kdWxlcyUyMiUyMGNsYXNzJTNEJTIyYnRuJTIwcHJlaXMlMjBzaW5nbGVfYnV0dG9uJTIyJTNFTWFrZSUyMGElMjBwcmljZSUyMHJlcXVlc3QlM0MlMkZhJTNF[\/vc_raw_html][\/vc_column][\/vc_row][vc_row wrap_container=&#8221;yes&#8221; is_section=&#8221;yes&#8221; remove_margin_top=&#8221;yes&#8221; remove_margin_bottom=&#8221;yes&#8221; remove_border=&#8221;yes&#8221; css=&#8221;.vc_custom_1634035598722{padding-bottom: 0px !important;}&#8221; el_class=&#8221;sect graybg&#8221;][vc_column width=&#8221;2\/3&#8243; animation_delay=&#8221;100&#8243; el_class=&#8221;order-2 order-md-1&#8243; animation_type=&#8221;fadeInLeft&#8221;]<div class=\"porto-u-heading  wpb_custom_95aa9a11c17ad45cfabaf210d84ee7cc porto-u-ad87e2eaf3f9c495180fe0156ddf3eb0 \"><div class=\"porto-u-sub-heading\" style=\"color: #000000;\">\n<h3><span style=\"color: #000000;\">Produktportfolio von Ortel<\/span><\/h3>\n<p><\/div><style>.porto-u-ad87e2eaf3f9c495180fe0156ddf3eb0.porto-u-heading{text-align:left}<\/style><\/div>[\/vc_column][vc_column width=&#8221;1\/3&#8243; text_align=&#8221;center&#8221; animation_delay=&#8221;300&#8243; el_class=&#8221;order-1 order-md-2&#8243; animation_type=&#8221;fadeInUp&#8221;][\/vc_column][\/vc_row][vc_row wrap_container=&#8221;yes&#8221; equal_height=&#8221;yes&#8221; content_placement=&#8221;bottom&#8221; css=&#8221;.vc_custom_1634035411454{padding-top: 0px !important;}&#8221; el_class=&#8221;sect graybg&#8221;][vc_column offset=&#8221;vc_col-lg-12&#8243; el_class=&#8221;rightpadding&#8221;][vc_row_inner equal_height=&#8221;yes&#8221; content_placement=&#8221;top&#8221;][vc_column_inner width=&#8221;1\/5&#8243;][vc_single_image image=&#8221;24637&#8243; img_size=&#8221;medium&#8221; alignment=&#8221;center&#8221; onclick=&#8221;custom_link&#8221; link=&#8221;https:\/\/www.eqphotonics.de\/produkte\/lwl-uebertragungstechnik\/catv-systeme-module\/medallion-6000-transmitter\/&#8221;][vc_column_text el_class=&#8221;text-center&#8221;]<\/p>\n<h4><a href=\"\/produkte\/lwl-uebertragungstechnik\/catv-systeme-module\/medallion-6000-transmitter\/\">1550 nm Transmitter<br \/>\nMedallion Series<\/a><\/h4>\n<p>[\/vc_column_text][\/vc_column_inner][vc_column_inner width=&#8221;1\/5&#8243;][vc_single_image image=&#8221;24633&#8243; img_size=&#8221;medium&#8221; alignment=&#8221;center&#8221; onclick=&#8221;custom_link&#8221; link=&#8221;https:\/\/www.eqphotonics.de\/en\/products\/fiber-optic-transmission-technology\/catv-systems-modules\/l-eml-transmitter-boards\/&#8221;][vc_column_text el_class=&#8221;text-center&#8221;]<\/p>\n<h4><a href=\"https:\/\/www.eqphotonics.de\/en\/products\/fiber-optic-transmission-technology\/catv-systems-modules\/l-eml-transmitter-boards\/\">L-EML<br \/>\nTransmitter-Boards<\/a><\/h4>\n<p>[\/vc_column_text][\/vc_column_inner][vc_column_inner width=&#8221;1\/5&#8243;][vc_single_image image=&#8221;24873&#8243; img_size=&#8221;medium&#8221; alignment=&#8221;center&#8221; onclick=&#8221;custom_link&#8221; link=&#8221;https:\/\/www.eqphotonics.de\/en\/products\/fiber-optic-transmission-technology\/edfas-gain-block\/edfa-gain-blocks\/&#8221;][vc_column_text el_class=&#8221;text-center&#8221;]<\/p>\n<h4><a href=\"https:\/\/www.eqphotonics.de\/en\/products\/fiber-optic-transmission-technology\/edfas-gain-block\/edfa-gain-blocks\/\">1550 nm EDFA-Gain<br \/>\nBlock MAFA Series<\/a><\/h4>\n<p>[\/vc_column_text][\/vc_column_inner][vc_column_inner width=&#8221;1\/5&#8243;][vc_single_image image=&#8221;24635&#8243; img_size=&#8221;medium&#8221; alignment=&#8221;center&#8221; onclick=&#8221;custom_link&#8221; link=&#8221;https:\/\/www.eqphotonics.de\/produkte\/lwl-uebertragungstechnik\/catv-systeme-module\/catv-laserdioden\/&#8221;][vc_column_text el_class=&#8221;text-center&#8221;]<\/p>\n<h4><a href=\"\/produkte\/lwl-uebertragungstechnik\/catv-systeme-module\/catv-laserdioden\/\">CATV-Lasermodule<\/a><\/h4>\n<p>[\/vc_column_text][\/vc_column_inner][vc_column_inner width=&#8221;1\/5&#8243;][vc_single_image image=&#8221;24639&#8243; img_size=&#8221;medium&#8221; alignment=&#8221;center&#8221; onclick=&#8221;custom_link&#8221; link=&#8221;https:\/\/www.eqphotonics.de\/produkte\/lwl-uebertragungstechnik\/catv-systeme-module\/catv-fotodioden-und-receiver\/&#8221;][vc_column_text el_class=&#8221;text-center&#8221;]<\/p>\n<h4><a href=\"\/produkte\/lwl-uebertragungstechnik\/catv-systeme-module\/catv-fotodioden-und-receiver\/\">CATV-Fotodioden und Receiver<\/a><\/h4>\n<p>[\/vc_column_text][\/vc_column_inner][\/vc_row_inner][\/vc_column][\/vc_row][vc_row][vc_column][\/vc_column][\/vc_row]<\/p>\n<\/div>","protected":false},"excerpt":{"rendered":"<p>[vc_row wrap_container=&#8221;yes&#8221; parallax=&#8221;content-moving&#8221; parallax_image=&#8221;18&#8243; css=&#8221;.vc_custom_1623660254002{padding-top: 50px !important;}&#8221;][vc_column css=&#8221;.vc_custom_1543888239030{padding-bottom: 50px !important;}&#8221;][\/vc_column][\/vc_row][vc_row wrap_container=&#8221;yes&#8221; content_placement=&#8221;top&#8221; el_class=&#8221;sect&#8221;][vc_column width=&#8221;7\/12&#8243; offset=&#8221;vc_col-md-7&#8243; el_class=&#8221;pr-lg-5 mb-sm-5 mb-lg-0&#8243; animation_type=&#8221;fadeInLeft&#8221;][vc_single_image image=&#8221;74233&#8243; img_size=&#8221;medium&#8221; onclick=&#8221;custom_link&#8221; img_link_target=&#8221;_blank&#8221; css=&#8221;&#8221; animation_delay=&#8221;500&#8243; animation_type=&#8221;fadeInRight&#8221; el_class=&#8221;mb-5&#8243; link=&#8221;https:\/\/emcore.com\/product-category\/catv-systems-modules\/1550-nm-fiber-optic-transmitters\/&#8221; css_params=&#8221;&#8221;][vc_column_text css=&#8221;&#8221; css_params=&#8221;&#8221;]Das heutige Ortel (ehemals Emcore) ist nicht mehr nur ein Hersteller von CATV- und Mikrowellenprodukten. Es bietet nun auch Hochgeschwindigkeits-Analogger\u00e4te f\u00fcr sich st\u00e4ndig weiterentwickelnde drahtlose [&hellip;]<\/p>\n","protected":false},"author":1,"featured_media":0,"parent":160,"menu_order":100,"comment_status":"closed","ping_status":"closed","template":"","meta":{"_acf_changed":false,"footnotes":""},"class_list":["post-35216","page","type-page","status-publish","hentry"],"acf":[],"yoast_head":"<!-- This site is optimized with the Yoast SEO plugin v27.4 - https:\/\/yoast.com\/product\/yoast-seo-wordpress\/ -->\n<title>CATV Systems &amp; Modules - EQ Photonics - Laser + Optoelektronik<\/title>\n<meta name=\"robots\" content=\"index, follow, max-snippet:-1, max-image-preview:large, max-video-preview:-1\" \/>\n<link rel=\"canonical\" href=\"https:\/\/www.eqphotonics.de\/en\/products\/fiber-optic-transmission-technology\/catv-systems-modules\/\" \/>\n<meta name=\"twitter:label1\" content=\"Est. reading time\" \/>\n\t<meta name=\"twitter:data1\" content=\"2 minutes\" \/>\n<script type=\"application\/ld+json\" class=\"yoast-schema-graph\">{\"@context\":\"https:\\\/\\\/schema.org\",\"@graph\":[{\"@type\":\"WebPage\",\"@id\":\"https:\\\/\\\/www.eqphotonics.de\\\/en\\\/products\\\/fiber-optic-transmission-technology\\\/catv-systems-modules\\\/\",\"url\":\"https:\\\/\\\/www.eqphotonics.de\\\/en\\\/products\\\/fiber-optic-transmission-technology\\\/catv-systems-modules\\\/\",\"name\":\"CATV Systems & Modules - EQ Photonics - Laser + Optoelektronik\",\"isPartOf\":{\"@id\":\"https:\\\/\\\/www.eqphotonics.de\\\/en\\\/#website\"},\"datePublished\":\"2021-06-15T12:06:37+00:00\",\"dateModified\":\"2026-03-20T14:01:15+00:00\",\"breadcrumb\":{\"@id\":\"https:\\\/\\\/www.eqphotonics.de\\\/en\\\/products\\\/fiber-optic-transmission-technology\\\/catv-systems-modules\\\/#breadcrumb\"},\"inLanguage\":\"en-US\",\"potentialAction\":[{\"@type\":\"ReadAction\",\"target\":[\"https:\\\/\\\/www.eqphotonics.de\\\/en\\\/products\\\/fiber-optic-transmission-technology\\\/catv-systems-modules\\\/\"]}]},{\"@type\":\"BreadcrumbList\",\"@id\":\"https:\\\/\\\/www.eqphotonics.de\\\/en\\\/products\\\/fiber-optic-transmission-technology\\\/catv-systems-modules\\\/#breadcrumb\",\"itemListElement\":[{\"@type\":\"ListItem\",\"position\":1,\"name\":\"Startseite\",\"item\":\"https:\\\/\\\/www.eqphotonics.de\\\/en\\\/\"},{\"@type\":\"ListItem\",\"position\":2,\"name\":\"Products\",\"item\":\"https:\\\/\\\/www.eqphotonics.de\\\/en\\\/products\\\/\"},{\"@type\":\"ListItem\",\"position\":3,\"name\":\"Fiber optic transmission technology\",\"item\":\"https:\\\/\\\/www.eqphotonics.de\\\/en\\\/products\\\/fiber-optic-transmission-technology\\\/\"},{\"@type\":\"ListItem\",\"position\":4,\"name\":\"CATV Systems &#038; Modules\"}]},{\"@type\":\"WebSite\",\"@id\":\"https:\\\/\\\/www.eqphotonics.de\\\/en\\\/#website\",\"url\":\"https:\\\/\\\/www.eqphotonics.de\\\/en\\\/\",\"name\":\"EQ Photonics - Laser + Optoelektronik\",\"description\":\"\",\"publisher\":{\"@id\":\"https:\\\/\\\/www.eqphotonics.de\\\/en\\\/#organization\"},\"potentialAction\":[{\"@type\":\"SearchAction\",\"target\":{\"@type\":\"EntryPoint\",\"urlTemplate\":\"https:\\\/\\\/www.eqphotonics.de\\\/en\\\/?s={search_term_string}\"},\"query-input\":{\"@type\":\"PropertyValueSpecification\",\"valueRequired\":true,\"valueName\":\"search_term_string\"}}],\"inLanguage\":\"en-US\"},{\"@type\":\"Organization\",\"@id\":\"https:\\\/\\\/www.eqphotonics.de\\\/en\\\/#organization\",\"name\":\"EQ Photonics GmbH\",\"url\":\"https:\\\/\\\/www.eqphotonics.de\\\/en\\\/\",\"logo\":{\"@type\":\"ImageObject\",\"inLanguage\":\"en-US\",\"@id\":\"https:\\\/\\\/www.eqphotonics.de\\\/en\\\/#\\\/schema\\\/logo\\\/image\\\/\",\"url\":\"https:\\\/\\\/www.eqphotonics.de\\\/wp-content\\\/uploads\\\/eqp_logo.png\",\"contentUrl\":\"https:\\\/\\\/www.eqphotonics.de\\\/wp-content\\\/uploads\\\/eqp_logo.png\",\"width\":94,\"height\":98,\"caption\":\"EQ Photonics GmbH\"},\"image\":{\"@id\":\"https:\\\/\\\/www.eqphotonics.de\\\/en\\\/#\\\/schema\\\/logo\\\/image\\\/\"}}]}<\/script>\n<!-- \/ Yoast SEO plugin. -->","yoast_head_json":{"title":"CATV Systems & Modules - EQ Photonics - Laser + Optoelektronik","robots":{"index":"index","follow":"follow","max-snippet":"max-snippet:-1","max-image-preview":"max-image-preview:large","max-video-preview":"max-video-preview:-1"},"canonical":"https:\/\/www.eqphotonics.de\/en\/products\/fiber-optic-transmission-technology\/catv-systems-modules\/","twitter_misc":{"Est. reading time":"2 minutes"},"schema":{"@context":"https:\/\/schema.org","@graph":[{"@type":"WebPage","@id":"https:\/\/www.eqphotonics.de\/en\/products\/fiber-optic-transmission-technology\/catv-systems-modules\/","url":"https:\/\/www.eqphotonics.de\/en\/products\/fiber-optic-transmission-technology\/catv-systems-modules\/","name":"CATV Systems & Modules - EQ Photonics - Laser + Optoelektronik","isPartOf":{"@id":"https:\/\/www.eqphotonics.de\/en\/#website"},"datePublished":"2021-06-15T12:06:37+00:00","dateModified":"2026-03-20T14:01:15+00:00","breadcrumb":{"@id":"https:\/\/www.eqphotonics.de\/en\/products\/fiber-optic-transmission-technology\/catv-systems-modules\/#breadcrumb"},"inLanguage":"en-US","potentialAction":[{"@type":"ReadAction","target":["https:\/\/www.eqphotonics.de\/en\/products\/fiber-optic-transmission-technology\/catv-systems-modules\/"]}]},{"@type":"BreadcrumbList","@id":"https:\/\/www.eqphotonics.de\/en\/products\/fiber-optic-transmission-technology\/catv-systems-modules\/#breadcrumb","itemListElement":[{"@type":"ListItem","position":1,"name":"Startseite","item":"https:\/\/www.eqphotonics.de\/en\/"},{"@type":"ListItem","position":2,"name":"Products","item":"https:\/\/www.eqphotonics.de\/en\/products\/"},{"@type":"ListItem","position":3,"name":"Fiber optic transmission technology","item":"https:\/\/www.eqphotonics.de\/en\/products\/fiber-optic-transmission-technology\/"},{"@type":"ListItem","position":4,"name":"CATV Systems &#038; Modules"}]},{"@type":"WebSite","@id":"https:\/\/www.eqphotonics.de\/en\/#website","url":"https:\/\/www.eqphotonics.de\/en\/","name":"EQ Photonics - Laser + Optoelektronik","description":"","publisher":{"@id":"https:\/\/www.eqphotonics.de\/en\/#organization"},"potentialAction":[{"@type":"SearchAction","target":{"@type":"EntryPoint","urlTemplate":"https:\/\/www.eqphotonics.de\/en\/?s={search_term_string}"},"query-input":{"@type":"PropertyValueSpecification","valueRequired":true,"valueName":"search_term_string"}}],"inLanguage":"en-US"},{"@type":"Organization","@id":"https:\/\/www.eqphotonics.de\/en\/#organization","name":"EQ Photonics GmbH","url":"https:\/\/www.eqphotonics.de\/en\/","logo":{"@type":"ImageObject","inLanguage":"en-US","@id":"https:\/\/www.eqphotonics.de\/en\/#\/schema\/logo\/image\/","url":"https:\/\/www.eqphotonics.de\/wp-content\/uploads\/eqp_logo.png","contentUrl":"https:\/\/www.eqphotonics.de\/wp-content\/uploads\/eqp_logo.png","width":94,"height":98,"caption":"EQ Photonics GmbH"},"image":{"@id":"https:\/\/www.eqphotonics.de\/en\/#\/schema\/logo\/image\/"}}]}},"_links":{"self":[{"href":"https:\/\/www.eqphotonics.de\/en\/wp-json\/wp\/v2\/pages\/35216","targetHints":{"allow":["GET"]}}],"collection":[{"href":"https:\/\/www.eqphotonics.de\/en\/wp-json\/wp\/v2\/pages"}],"about":[{"href":"https:\/\/www.eqphotonics.de\/en\/wp-json\/wp\/v2\/types\/page"}],"author":[{"embeddable":true,"href":"https:\/\/www.eqphotonics.de\/en\/wp-json\/wp\/v2\/users\/1"}],"replies":[{"embeddable":true,"href":"https:\/\/www.eqphotonics.de\/en\/wp-json\/wp\/v2\/comments?post=35216"}],"version-history":[{"count":12,"href":"https:\/\/www.eqphotonics.de\/en\/wp-json\/wp\/v2\/pages\/35216\/revisions"}],"predecessor-version":[{"id":89063,"href":"https:\/\/www.eqphotonics.de\/en\/wp-json\/wp\/v2\/pages\/35216\/revisions\/89063"}],"up":[{"embeddable":true,"href":"https:\/\/www.eqphotonics.de\/en\/wp-json\/wp\/v2\/pages\/160"}],"wp:attachment":[{"href":"https:\/\/www.eqphotonics.de\/en\/wp-json\/wp\/v2\/media?parent=35216"}],"curies":[{"name":"wp","href":"https:\/\/api.w.org\/{rel}","templated":true}]}}