{"id":20579,"date":"2021-06-14T10:43:47","date_gmt":"2021-06-14T08:43:47","guid":{"rendered":"https:\/\/www.eqphotonics.de\/products\/beam-sources\/cw-qcw-faserlaser\/"},"modified":"2025-10-30T15:31:21","modified_gmt":"2025-10-30T14:31:21","slug":"cw-qcw-fiber-laser","status":"publish","type":"page","link":"https:\/\/www.eqphotonics.de\/en\/products\/light-sources\/cw-qcw-fiber-laser\/","title":{"rendered":"CW &#038; QCW Fiber lasers"},"content":{"rendered":"<div class=\"wpb-content-wrapper\"><p>[vc_row wrap_container=&#8221;yes&#8221; parallax=&#8221;content-moving&#8221; parallax_image=&#8221;18&#8243; css=&#8221;.vc_custom_1623660254002{padding-top: 50px !important;}&#8221;][vc_column css=&#8221;.vc_custom_1543888239030{padding-bottom: 50px !important;}&#8221;]<div class=\"page-top page-header-1   wpb_custom_2a9d21ec3bca3fcc4fd4297ed437a594\" data-appear-animation=\"fadeInUp\" data-appear-animation-delay=\"200\"><style>.page-top { background: none; border-bottom: none; } .page-top .page-title:not(.b-none):after { display: none; }.page-top .breadcrumbs-wrap { color: rgba(255,255,255,0.7)}.page-top .breadcrumbs-wrap a { color: #ffffff }.page-top .page-title {color: #ffffff;font-size: 2.75em;}<\/style><div class=\"container\">\r\n\t<div class=\"row\">\r\n\t\t<div class=\"col-lg-12\">\r\n\t\t\t\t\t\t\t<nav aria-label=\"breadcrumb\" class=\"breadcrumbs-wrap\">\r\n\t\t\t\t\t<ul class=\"breadcrumb\" itemscope itemtype=\"https:\/\/schema.org\/BreadcrumbList\"><li class=\"home\" itemprop=\"itemListElement\" itemscope itemtype=\"https:\/\/schema.org\/ListItem\"><a itemprop=\"item\" href=\"https:\/\/www.eqphotonics.de\/en\/\" title=\"Go to Home Page\"><span itemprop=\"name\">Home<\/span><\/a><meta itemprop=\"position\" content=\"1\" \/><i class=\"delimiter\"><\/i><\/li><\/ul>\t\t\t\t<\/nav>\r\n\t\t\t\t\t\t<div class=\"page-title-wrap\">\r\n\t\t\t\t\t\t\t\t<h1 class=\"page-title\"><\/h1>\r\n\t\t\t\t\t\t\t<\/div>\r\n\t\t\t\t\t<\/div>\r\n\t<\/div>\r\n<\/div>\r\n<\/div>[\/vc_column][\/vc_row][vc_row wrap_container=&#8221;yes&#8221; conditional_render=&#8221;%5B%7B%22value_role%22%3A%22administrator%22%7D%5D&#8221; css_params=&#8221;&#8221;][vc_column width=&#8221;6\/12&#8243;][vc_single_image image=&#8221;74239&#8243; css=&#8221;&#8221; css_params=&#8221;&#8221;][vc_column_text css=&#8221;&#8221; css_params=&#8221;&#8221;]<\/p>\n<p data-start=\"246\" data-end=\"591\"><strong data-start=\"246\" data-end=\"278\">GW Laser Technology Co., Ltd<\/strong> \u00a0ist auf die Entwicklung und Produktion von <strong data-start=\"411\" data-end=\"447\">hochleistungsf\u00e4higen Faserlasern<\/strong> f\u00fcr industrielle Anwendungen spezialisiert \u2013 darunter insbesondere <strong data-start=\"515\" data-end=\"590\">Laserschneiden, Schwei\u00dfen, Oberfl\u00e4chenbehandlung und additive Fertigung<\/strong>.<\/p>\n<p data-start=\"593\" data-end=\"904\">Das Produktportfolio umfasst <strong data-start=\"622\" data-end=\"667\">Single-Mode- und Multi-Mode-CW-Faserlaser<\/strong> mit Leistungen im Kilowattbereich, die durch hohe Strahlqualit\u00e4t, Zuverl\u00e4ssigkeit und industrielle Robustheit \u00fcberzeugen. GW Laser bietet au\u00dferdem ma\u00dfgeschneiderte L\u00f6sungen f\u00fcr spezifische Kundenanforderungen in der Fertigungsindustrie.<\/p>\n<p data-start=\"906\" data-end=\"1159\">Mit modernen Produktionsst\u00e4tten, eigener Forschungs- und Entwicklungsabteilung und einem stetig wachsenden internationalen Vertriebsnetzwerk hat sich GW Laser in kurzer Zeit als dynamischer Akteur im Bereich der industriellen Lasertechnologie etabliert.<\/p>\n<p data-start=\"1161\" data-end=\"1360\">F\u00fcr den europ\u00e4ischen Markt arbeitet <strong data-start=\"1197\" data-end=\"1213\">EQ Photonics<\/strong> als offizieller Vertriebspartner mit GW Laser zusammen und bietet Kunden technische Beratung, Integration und Serviceleistungen direkt vor Ort an.<\/p>\n<p>[\/vc_column_text][vc_widget_sidebar sidebar_id=&#8221;contactbox6&#8243;][\/vc_column][vc_column width=&#8221;3\/12&#8243;][vc_single_image image=&#8221;74385&#8243; img_size=&#8221;medium&#8221; css=&#8221;&#8221; css_params=&#8221;&#8221;][vc_single_image image=&#8221;74392&#8243; img_size=&#8221;medium&#8221; css=&#8221;&#8221; css_params=&#8221;&#8221;][\/vc_column][vc_column width=&#8221;3\/12&#8243;][vc_single_image image=&#8221;74387&#8243; img_size=&#8221;medium&#8221; css=&#8221;&#8221; css_params=&#8221;&#8221;][vc_single_image image=&#8221;74389&#8243; img_size=&#8221;medium&#8221; css=&#8221;&#8221; css_params=&#8221;&#8221;][\/vc_column][\/vc_row][vc_row wrap_container=&#8221;yes&#8221; el_class=&#8221;sect graybg&#8221;][vc_column width=&#8221;1\/2&#8243; animation_delay=&#8221;300&#8243; animation_type=&#8221;fadeInLeft&#8221; offset=&#8221;vc_col-lg-3&#8243;]<div class=\"porto-content-box featured-boxes wpb_content_element \"><div class=\"featured-box featured-box-primary featured-box-effect-1\"><div class=\"box-content\" style=\"\"><i class=\"icon-featured Simple-Line-Icons-badge\"><\/i>[vc_column_text css=&#8221;&#8221; css_params=&#8221;&#8221;]<\/p>\n<h3 class=\"text-uppercase font-size-lg font-weight-bold text-color-primary\" style=\"text-align: center;\">100% Qualit\u00e4t<\/h3>\n<p style=\"text-align: center;\">Hohe Fertigungstiefe sorgt f\u00fcr unmittelbare Kontrolle der Fertigungsprozesse<\/p>\n<p style=\"text-align: center;\">Optimaler Schutz vor R\u00fcckreflektionen durch ABR<\/p>\n<p>ACC (Active Cooling Technology)<\/p>\n<p style=\"text-align: center;\">24 Monaten Gew\u00e4hrleistung<\/p>\n<p>[\/vc_column_text]<\/div><\/div><\/div>[\/vc_column][vc_column width=&#8221;1\/2&#8243; animation_type=&#8221;fadeInLeft&#8221; offset=&#8221;vc_col-lg-3&#8243;]<div class=\"porto-content-box featured-boxes wpb_content_element \"><div class=\"featured-box featured-box-secondary featured-box-effect-1\"><div class=\"box-content\" style=\"\"><i class=\"icon-featured Simple-Line-Icons-energy\"><\/i>[vc_column_text css=&#8221;&#8221; css_params=&#8221;&#8221;]<\/p>\n<h3 class=\"text-uppercase font-size-lg font-weight-bold text-color-dark\" style=\"text-align: center;\">Preis-Leistung<\/h3>\n<p style=\"text-align: center;\">Faserlaser zeichnen sich durch ein sehr attraktives Preis-Leistungs-Verh\u00e4ltnis aus<\/p>\n<p style=\"text-align: center;\">Kostenvorteile durch vertikale Integration mit dem Verbauen eigener Pumpmodule und eine konsequente Umsetzung von Lean-Production<\/p>\n<p>[\/vc_column_text]<\/div><\/div><\/div>[\/vc_column][vc_column width=&#8221;1\/2&#8243; animation_type=&#8221;fadeInRight&#8221; offset=&#8221;vc_col-lg-3&#8243;]<div class=\"porto-content-box featured-boxes wpb_content_element \"><div class=\"featured-box featured-box-primary featured-box-effect-1\"><div class=\"box-content\" style=\"\"><i class=\"icon-featured Simple-Line-Icons-speedometer\"><\/i>[vc_column_text css=&#8221;&#8221; css_params=&#8221;&#8221;]<\/p>\n<h3 class=\"text-uppercase font-size-lg font-weight-bold text-color-primary\" style=\"text-align: center;\">Hohe Leistung<\/h3>\n<p style=\"text-align: center;\">Bis zu 50 kW CW-Ausgangsleistung f\u00fcr anspruchsvolle Anwendungen<\/p>\n<p style=\"text-align: center;\">Single-Mode-Betrieb mit bis zu 6 kW CW-Ausgangsleistung<\/p>\n<p style=\"text-align: center;\">Bis zu 6 kW Pulsspitzenleistung bei den QCW-Faserlaser (60J Pulsenergie)<\/p>\n<p>[\/vc_column_text]<\/div><\/div><\/div>[\/vc_column][vc_column width=&#8221;1\/2&#8243; animation_delay=&#8221;300&#8243; animation_type=&#8221;fadeInRight&#8221; offset=&#8221;vc_col-lg-3&#8243;]<div class=\"porto-content-box featured-boxes wpb_content_element \"><div class=\"featured-box featured-box-secondary featured-box-effect-1\"><div class=\"box-content\" style=\"\"><i class=\"icon-featured Simple-Line-Icons-wrench\"><\/i>[vc_column_text css=&#8221;&#8221; css_params=&#8221;&#8221;]<\/p>\n<h3 class=\"text-uppercase font-size-lg font-weight-bold text-color-dark\" style=\"text-align: center;\">Service<\/h3>\n<p style=\"text-align: center;\">Beziehen Sie die CW- und QCW-Strahlquellen \u00fcber EQ Photonics und profitieren Sie von unserem umfangreichen Servicekonzept!<\/p>\n<p style=\"text-align: center;\">Bei einer Anfrage helfen wir Ihnen innerhalb von max. 24h!<\/p>\n<p>[\/vc_column_text]<\/div><\/div><\/div>[\/vc_column][\/vc_row][vc_row wrap_container=&#8221;yes&#8221; content_placement=&#8221;top&#8221; el_class=&#8221;sect&#8221;][vc_column width=&#8221;7\/12&#8243; offset=&#8221;vc_col-md-7&#8243; el_class=&#8221;pr-lg-5 mb-sm-5 mb-lg-0&#8243; animation_type=&#8221;fadeInLeft&#8221;][vc_single_image image=&#8221;367&#8243; img_size=&#8221;301&#215;36&#8243; onclick=&#8221;custom_link&#8221; img_link_target=&#8221;_blank&#8221; animation_delay=&#8221;500&#8243; animation_type=&#8221;fadeInRight&#8221; el_class=&#8221;mb-5&#8243; link=&#8221;http:\/\/en.maxphotonics.com\/&#8221;][vc_column_text]<a href=\"http:\/\/en.maxphotonics.com\/\" target=\"_blank\" rel=\"noopener\">Maxphotonics<\/a> ist einer der weltweit f\u00fchrenden Hersteller von Single- und Multi-Mode CW &amp; QCW Faserlaser zum <a href=\"https:\/\/www.eqphotonics.de\/produkte\/lasermaterialbearbeitung\/applikationen\/laserschneiden\/\"><strong>Laserschneiden<\/strong><\/a>, <a href=\"https:\/\/www.eqphotonics.de\/produkte\/lasermaterialbearbeitung\/applikationen\/laserstrahlfuegen\/\"><strong>Laserstrahlf\u00fcgen<\/strong><\/a>, <a href=\"https:\/\/www.eqphotonics.de\/produkte\/lasermaterialbearbeitung\/applikationen\/laserauftragsschweissen\/\"><strong>Laserauftragsschwei\u00dfen<\/strong><\/a>, <a href=\"https:\/\/www.eqphotonics.de\/produkte\/lasermaterialbearbeitung\/applikationen\/laserhaerten\/\"><strong>Laserh\u00e4rten<\/strong><\/a> und <a href=\"https:\/\/www.eqphotonics.de\/produkte\/lasermaterialbearbeitung\/applikationen\/additive-fertigung\/\"><strong>Bearbeitungen in der additiven Fertigung<\/strong><\/a><\/p>\n<p>Das Unternehmen &#8211; gegr\u00fcndet im Jahr 2004 als einer der ersten chinesischen Hersteller von Faserlaser &#8211; h\u00e4lt einen Marktanteil in Asien von mehr als 60% bei insgesamt \u00fcber 175.000 installierten Strahlquellen weltweit. Verteilt auf mittlerweile vier Standorte in China verf\u00fcgt Maxphotonics \u00fcber eine Produktionskapazit\u00e4t von mehr als 125.000 m\u00b2 reiner Fertigungsfl\u00e4che.<\/p>\n<p>Die v\u00f6llig neuentwickelte Produktlinie <span style=\"font-size: 14px;\"><strong>PRO-Series<\/strong><\/span>, spezialisiert f\u00fcr den europ\u00e4ischen Markt, ist Teil der globalen Wachstumsstrategie von Maxphotonics, welche wir bei EQ Photonics als Vertriebs- und Servicepartner f\u00fcr Europa aktiv mit begleiten.[\/vc_column_text][\/vc_column][vc_column width=&#8221;5\/12&#8243; offset=&#8221;vc_col-md-5&#8243;][vc_single_image image=&#8221;20526&#8243; img_size=&#8221;full&#8221;][vc_empty_space height=&#8221;25px&#8221;][vc_column_text]<a class=\"porto-popup-iframe\" title=\"Video MAX Photonics Firmenpr\u00e4sentation\" href=\"https:\/\/www.eqphotonics.de\/wp-content\/uploads\/MAX_Firmenpraesentation.mp4\"><i class=\"fab fa-youtube\"><\/i> Video Maxphotonics Firmenpr\u00e4sentation <\/a>[\/vc_column_text][\/vc_column][\/vc_row][vc_row wrap_container=&#8221;yes&#8221; conditional_render=&#8221;%5B%7B%22value_role%22%3A%22administrator%22%7D%5D&#8221; css_params=&#8221;&#8221; el_class=&#8221;ctabuttons&#8221;][vc_column][vc_raw_html css=&#8221;&#8221; css_params=&#8221;&#8221;]JTNDYSUyMGhyZWYlM0QlMjJodHRwcyUzQSUyRiUyRnd3dy5lcXBob3Rvbmljcy5kZSUyRmVuJTJGeW91ci1yZXF1ZXN0JTJGJTNGZm9ybV9BUlRERVJBTkZSQUdFJTNETXVzdGVyJTI2YW1wJTNCZm9ybV9QUk9EVUtUQkVaRUlDSE5VTkclM0Rjdy1xY3ctZmliZXItbGFzZXIlMjIlMjBjbGFzcyUzRCUyMmJ0biUyMG11c3RlciUyMHNpbmdsZV9idXR0b24lMjIlM0VSZXF1ZXN0JTIwYSUyMHNhbXBsZSUyMCUzQyUyRmElM0UlMjAlM0NhJTIwaHJlZiUzRCUyMmh0dHBzJTNBJTJGJTJGd3d3LmVxcGhvdG9uaWNzLmRlJTJGZW4lMkZ5b3VyLXJlcXVlc3QlMkYlM0Zmb3JtX0FSVERFUkFORlJBR0UlM0RQcmVpcyUyNmFtcCUzQmZvcm1fUFJPRFVLVEJFWkVJQ0hOVU5HJTNEY3ctcWN3LWZpYmVyLWxhc2VyJTIyJTIwY2xhc3MlM0QlMjJidG4lMjBwcmVpcyUyMHNpbmdsZV9idXR0b24lMjIlM0VNYWtlJTIwYSUyMHByaWNlJTIwcmVxdWVzdCUzQyUyRmElM0U=[\/vc_raw_html][\/vc_column][\/vc_row][vc_row wrap_container=&#8221;yes&#8221; is_section=&#8221;yes&#8221; remove_margin_bottom=&#8221;yes&#8221; remove_padding_top=&#8221;yes&#8221; remove_padding_bottom=&#8221;yes&#8221; el_class=&#8221;sect graybg&#8221; conditional_render=&#8221;%5B%7B%22value_role%22%3A%22administrator%22%7D%5D&#8221; css_params=&#8221;&#8221;][vc_column animation_delay=&#8221;300&#8243; animation_type=&#8221;fadeInLeft&#8221; offset=&#8221;vc_col-lg-12&#8243; conditional_render=&#8221;%5B%7B%22value_role%22%3A%22administrator%22%7D%5D&#8221; css_params=&#8221;&#8221;]<div class=\"porto-u-heading  wpb_custom_95aa9a11c17ad45cfabaf210d84ee7cc porto-u-ad87e2eaf3f9c495180fe0156ddf3eb0 \"><div class=\"porto-u-sub-heading\" style=\"\">\n<h3>Produktportfolio von GW Laser<\/h3>\n<p><\/div><style>.porto-u-ad87e2eaf3f9c495180fe0156ddf3eb0.porto-u-heading{text-align:left}<\/style><\/div>[\/vc_column][\/vc_row][vc_row wrap_container=&#8221;yes&#8221; equal_height=&#8221;yes&#8221; is_section=&#8221;yes&#8221; remove_margin_top=&#8221;yes&#8221; remove_padding_top=&#8221;yes&#8221; remove_padding_bottom=&#8221;yes&#8221; el_class=&#8221;sect graybg&#8221; conditional_render=&#8221;%5B%7B%22value_role%22%3A%22administrator%22%7D%5D&#8221; css_params=&#8221;&#8221;][vc_column width=&#8221;1\/3&#8243; animation_delay=&#8221;300&#8243; animation_type=&#8221;fadeInLeft&#8221; offset=&#8221;vc_col-lg-3&#8243;][vc_single_image image=&#8221;74550&#8243; img_size=&#8221;medium&#8221; alignment=&#8221;center&#8221; onclick=&#8221;custom_link&#8221; css=&#8221;&#8221; link=&#8221;https:\/\/www.eqphotonics.de\/en\/products\/light-sources\/cw-qcw-fiber-laser\/cw-faserlaser\/#cw-rackmount&#8221; css_params=&#8221;&#8221;][vc_column_text css=&#8221;&#8221; el_class=&#8221;text-center&#8221; css_params=&#8221;&#8221;]<\/p>\n<h4>CW , QCW Rackmount<\/h4>\n<p>(0,6<strong>\u00a0kW<\/strong> bis 6<strong>\u00a0kW<\/strong>)[\/vc_column_text][\/vc_column][vc_column width=&#8221;1\/3&#8243;][vc_single_image image=&#8221;74552&#8243; img_size=&#8221;medium&#8221; alignment=&#8221;center&#8221; onclick=&#8221;custom_link&#8221; css=&#8221;&#8221; link=&#8221;https:\/\/www.eqphotonics.de\/en\/products\/light-sources\/cw-qcw-fiber-laser\/cw-faserlaser\/#cw-pro-series-mfsc&#8221; css_params=&#8221;&#8221;][vc_column_text css=&#8221;&#8221; el_class=&#8221;text-center&#8221; css_params=&#8221;&#8221;]<\/p>\n<h4>Tunable Beam Fiberlaser<\/h4>\n<p>(bis <strong>50 kW<\/strong>)[\/vc_column_text][\/vc_column][vc_column width=&#8221;1\/3&#8243;][vc_single_image image=&#8221;74554&#8243; img_size=&#8221;medium&#8221; alignment=&#8221;center&#8221; onclick=&#8221;custom_link&#8221; css=&#8221;&#8221; link=&#8221;https:\/\/www.eqphotonics.de\/en\/products\/light-sources\/cw-qcw-fiber-laser\/cw-faserlaser\/#cw-pro-series-mfmc&#8221; css_params=&#8221;&#8221;][vc_column_text css=&#8221;&#8221; el_class=&#8221;text-center&#8221; css_params=&#8221;&#8221;]<\/p>\n<h4>AAC Laser<\/h4>\n<p>(bis <strong>20 kW<\/strong>)[\/vc_column_text][\/vc_column][\/vc_row][vc_row wrap_container=&#8221;yes&#8221; is_section=&#8221;yes&#8221; section_skin=&#8221;light&#8221; remove_margin_top=&#8221;yes&#8221; remove_margin_bottom=&#8221;yes&#8221; remove_border=&#8221;yes&#8221; css=&#8221;.vc_custom_1750427152055{padding-bottom: 0px !important;}&#8221; el_class=&#8221;sect&#8221; conditional_render=&#8221;%5B%7B%22value_role%22%3A%22administrator%22%7D%5D&#8221; css_params=&#8221;&#8221;][vc_column width=&#8221;2\/3&#8243; animation_delay=&#8221;100&#8243; el_class=&#8221;order-2 order-md-1&#8243; animation_type=&#8221;fadeInLeft&#8221;]<div class=\"porto-u-heading  wpb_custom_95aa9a11c17ad45cfabaf210d84ee7cc porto-u-ad87e2eaf3f9c495180fe0156ddf3eb0 \"><div class=\"porto-u-sub-heading\" style=\"\">\n<h3>Produktportfolio von Maxphotonics<\/h3>\n<p><\/div><style>.porto-u-ad87e2eaf3f9c495180fe0156ddf3eb0.porto-u-heading{text-align:left}<\/style><\/div>[\/vc_column][vc_column width=&#8221;1\/3&#8243; text_align=&#8221;center&#8221; animation_delay=&#8221;300&#8243; el_class=&#8221;order-1 order-md-2&#8243; animation_type=&#8221;fadeInUp&#8221;][\/vc_column][\/vc_row][vc_row wrap_container=&#8221;yes&#8221; equal_height=&#8221;yes&#8221; content_placement=&#8221;bottom&#8221; css=&#8221;.vc_custom_1625153490910{padding-top: 0px !important;}&#8221; el_class=&#8221;sect&#8221;][vc_column offset=&#8221;vc_col-lg-4\/5&#8243; el_class=&#8221;rightpadding&#8221;][vc_row_inner equal_height=&#8221;yes&#8221; content_placement=&#8221;bottom&#8221;][vc_column_inner width=&#8221;1\/3&#8243;][vc_single_image image=&#8221;20532&#8243; img_size=&#8221;medium&#8221; alignment=&#8221;center&#8221; onclick=&#8221;custom_link&#8221; link=&#8221;https:\/\/www.eqphotonics.de\/en\/products\/light-sources\/cw-qcw-fiber-laser\/cw-faserlaser\/#cw-rackmount&#8221;][vc_column_text el_class=&#8221;text-center&#8221;]<\/p>\n<h4><a href=\"https:\/\/www.eqphotonics.de\/produkte\/strahlquellen\/cw-qcw-faserlaser\/cw-faserlaser\/#cw-rackmount\">CW Rackmount<\/a><\/h4>\n<p>(<strong>1 kW<\/strong> bis <strong>4 kW<\/strong>)[\/vc_column_text][\/vc_column_inner][vc_column_inner width=&#8221;1\/3&#8243;][vc_single_image image=&#8221;21027&#8243; img_size=&#8221;medium&#8221; alignment=&#8221;center&#8221; onclick=&#8221;custom_link&#8221; link=&#8221;https:\/\/www.eqphotonics.de\/en\/products\/light-sources\/cw-qcw-fiber-laser\/cw-faserlaser\/#cw-pro-series-mfsc&#8221;][vc_column_text el_class=&#8221;text-center&#8221;]<\/p>\n<h4><a href=\"https:\/\/www.eqphotonics.de\/produkte\/strahlquellen\/cw-qcw-faserlaser\/cw-faserlaser\/#cw-pro-series-mfsc\">CW PRO-Series MFSC<\/a><\/h4>\n<p>(<strong>2 kW<\/strong> bis <strong>6 kW<\/strong>)[\/vc_column_text][\/vc_column_inner][vc_column_inner width=&#8221;1\/3&#8243;][vc_single_image image=&#8221;21031&#8243; img_size=&#8221;medium&#8221; alignment=&#8221;center&#8221; onclick=&#8221;custom_link&#8221; link=&#8221;https:\/\/www.eqphotonics.de\/en\/products\/light-sources\/cw-qcw-fiber-laser\/cw-faserlaser\/#cw-pro-series-mfmc&#8221;][vc_column_text el_class=&#8221;text-center&#8221;]<\/p>\n<h4><a href=\"https:\/\/www.eqphotonics.de\/produkte\/strahlquellen\/cw-qcw-faserlaser\/cw-faserlaser\/#cw-pro-series-mfmc\">CW PRO-Series MFMC<\/a><\/h4>\n<p>(<strong>6 kW<\/strong> bis <strong>20 kW<\/strong>)[\/vc_column_text][\/vc_column_inner][\/vc_row_inner][\/vc_column][\/vc_row]<\/p>\n<\/div>","protected":false},"excerpt":{"rendered":"<p>[vc_row wrap_container=&#8221;yes&#8221; parallax=&#8221;content-moving&#8221; parallax_image=&#8221;18&#8243; css=&#8221;.vc_custom_1623660254002{padding-top: 50px !important;}&#8221;][vc_column css=&#8221;.vc_custom_1543888239030{padding-bottom: 50px !important;}&#8221;][\/vc_column][\/vc_row][vc_row wrap_container=&#8221;yes&#8221; conditional_render=&#8221;%5B%7B%22value_role%22%3A%22administrator%22%7D%5D&#8221; css_params=&#8221;&#8221;][vc_column width=&#8221;6\/12&#8243;][vc_single_image image=&#8221;74239&#8243; css=&#8221;&#8221; css_params=&#8221;&#8221;][vc_column_text css=&#8221;&#8221; css_params=&#8221;&#8221;] GW Laser Technology Co., Ltd \u00a0ist auf die Entwicklung und Produktion von hochleistungsf\u00e4higen Faserlasern f\u00fcr industrielle Anwendungen spezialisiert \u2013 darunter insbesondere Laserschneiden, Schwei\u00dfen, Oberfl\u00e4chenbehandlung und additive Fertigung. Das Produktportfolio umfasst Single-Mode- und Multi-Mode-CW-Faserlaser mit Leistungen im [&hellip;]<\/p>\n","protected":false},"author":1,"featured_media":0,"parent":152,"menu_order":300,"comment_status":"closed","ping_status":"closed","template":"","meta":{"_acf_changed":false,"footnotes":""},"class_list":["post-20579","page","type-page","status-publish","hentry"],"acf":[],"yoast_head":"<!-- This site is optimized with the Yoast SEO plugin v27.4 - https:\/\/yoast.com\/product\/yoast-seo-wordpress\/ -->\n<title>MAX Photonics: Fiber lasers for industrial applications - EQ Photonics - Laser + Optoelektronik<\/title>\n<meta name=\"description\" content=\"EQ Photonics: MAX Photonics CW and QCW Fiber lasers are perfect for demanding laser applications and available up to 40 kW output power\" \/>\n<meta name=\"robots\" content=\"index, follow, max-snippet:-1, max-image-preview:large, max-video-preview:-1\" \/>\n<link rel=\"canonical\" href=\"https:\/\/www.eqphotonics.de\/en\/products\/light-sources\/cw-qcw-fiber-laser\/\" \/>\n<meta name=\"twitter:label1\" content=\"Est. reading time\" \/>\n\t<meta name=\"twitter:data1\" content=\"4 minutes\" \/>\n<script type=\"application\/ld+json\" class=\"yoast-schema-graph\">{\"@context\":\"https:\\\/\\\/schema.org\",\"@graph\":[{\"@type\":\"WebPage\",\"@id\":\"https:\\\/\\\/www.eqphotonics.de\\\/en\\\/products\\\/light-sources\\\/cw-qcw-fiber-laser\\\/\",\"url\":\"https:\\\/\\\/www.eqphotonics.de\\\/en\\\/products\\\/light-sources\\\/cw-qcw-fiber-laser\\\/\",\"name\":\"MAX Photonics: Fiber lasers for industrial applications - EQ Photonics - Laser + Optoelektronik\",\"isPartOf\":{\"@id\":\"https:\\\/\\\/www.eqphotonics.de\\\/en\\\/#website\"},\"datePublished\":\"2021-06-14T08:43:47+00:00\",\"dateModified\":\"2025-10-30T14:31:21+00:00\",\"description\":\"EQ Photonics: MAX Photonics CW and QCW Fiber lasers are perfect for demanding laser applications and available up to 40 kW output power\",\"breadcrumb\":{\"@id\":\"https:\\\/\\\/www.eqphotonics.de\\\/en\\\/products\\\/light-sources\\\/cw-qcw-fiber-laser\\\/#breadcrumb\"},\"inLanguage\":\"en-US\",\"potentialAction\":[{\"@type\":\"ReadAction\",\"target\":[\"https:\\\/\\\/www.eqphotonics.de\\\/en\\\/products\\\/light-sources\\\/cw-qcw-fiber-laser\\\/\"]}]},{\"@type\":\"BreadcrumbList\",\"@id\":\"https:\\\/\\\/www.eqphotonics.de\\\/en\\\/products\\\/light-sources\\\/cw-qcw-fiber-laser\\\/#breadcrumb\",\"itemListElement\":[{\"@type\":\"ListItem\",\"position\":1,\"name\":\"Startseite\",\"item\":\"https:\\\/\\\/www.eqphotonics.de\\\/en\\\/\"},{\"@type\":\"ListItem\",\"position\":2,\"name\":\"Products\",\"item\":\"https:\\\/\\\/www.eqphotonics.de\\\/en\\\/products\\\/\"},{\"@type\":\"ListItem\",\"position\":3,\"name\":\"Light sources\",\"item\":\"https:\\\/\\\/www.eqphotonics.de\\\/en\\\/products\\\/light-sources\\\/\"},{\"@type\":\"ListItem\",\"position\":4,\"name\":\"CW &#038; QCW Fiber lasers\"}]},{\"@type\":\"WebSite\",\"@id\":\"https:\\\/\\\/www.eqphotonics.de\\\/en\\\/#website\",\"url\":\"https:\\\/\\\/www.eqphotonics.de\\\/en\\\/\",\"name\":\"EQ Photonics - Laser + Optoelektronik\",\"description\":\"\",\"publisher\":{\"@id\":\"https:\\\/\\\/www.eqphotonics.de\\\/en\\\/#organization\"},\"potentialAction\":[{\"@type\":\"SearchAction\",\"target\":{\"@type\":\"EntryPoint\",\"urlTemplate\":\"https:\\\/\\\/www.eqphotonics.de\\\/en\\\/?s={search_term_string}\"},\"query-input\":{\"@type\":\"PropertyValueSpecification\",\"valueRequired\":true,\"valueName\":\"search_term_string\"}}],\"inLanguage\":\"en-US\"},{\"@type\":\"Organization\",\"@id\":\"https:\\\/\\\/www.eqphotonics.de\\\/en\\\/#organization\",\"name\":\"EQ Photonics GmbH\",\"url\":\"https:\\\/\\\/www.eqphotonics.de\\\/en\\\/\",\"logo\":{\"@type\":\"ImageObject\",\"inLanguage\":\"en-US\",\"@id\":\"https:\\\/\\\/www.eqphotonics.de\\\/en\\\/#\\\/schema\\\/logo\\\/image\\\/\",\"url\":\"https:\\\/\\\/www.eqphotonics.de\\\/wp-content\\\/uploads\\\/eqp_logo.png\",\"contentUrl\":\"https:\\\/\\\/www.eqphotonics.de\\\/wp-content\\\/uploads\\\/eqp_logo.png\",\"width\":94,\"height\":98,\"caption\":\"EQ Photonics GmbH\"},\"image\":{\"@id\":\"https:\\\/\\\/www.eqphotonics.de\\\/en\\\/#\\\/schema\\\/logo\\\/image\\\/\"}}]}<\/script>\n<!-- \/ Yoast SEO plugin. -->","yoast_head_json":{"title":"MAX Photonics: Fiber lasers for industrial applications - EQ Photonics - Laser + Optoelektronik","description":"EQ Photonics: MAX Photonics CW and QCW Fiber lasers are perfect for demanding laser applications and available up to 40 kW output power","robots":{"index":"index","follow":"follow","max-snippet":"max-snippet:-1","max-image-preview":"max-image-preview:large","max-video-preview":"max-video-preview:-1"},"canonical":"https:\/\/www.eqphotonics.de\/en\/products\/light-sources\/cw-qcw-fiber-laser\/","twitter_misc":{"Est. reading time":"4 minutes"},"schema":{"@context":"https:\/\/schema.org","@graph":[{"@type":"WebPage","@id":"https:\/\/www.eqphotonics.de\/en\/products\/light-sources\/cw-qcw-fiber-laser\/","url":"https:\/\/www.eqphotonics.de\/en\/products\/light-sources\/cw-qcw-fiber-laser\/","name":"MAX Photonics: Fiber lasers for industrial applications - EQ Photonics - Laser + Optoelektronik","isPartOf":{"@id":"https:\/\/www.eqphotonics.de\/en\/#website"},"datePublished":"2021-06-14T08:43:47+00:00","dateModified":"2025-10-30T14:31:21+00:00","description":"EQ Photonics: MAX Photonics CW and QCW Fiber lasers are perfect for demanding laser applications and available up to 40 kW output power","breadcrumb":{"@id":"https:\/\/www.eqphotonics.de\/en\/products\/light-sources\/cw-qcw-fiber-laser\/#breadcrumb"},"inLanguage":"en-US","potentialAction":[{"@type":"ReadAction","target":["https:\/\/www.eqphotonics.de\/en\/products\/light-sources\/cw-qcw-fiber-laser\/"]}]},{"@type":"BreadcrumbList","@id":"https:\/\/www.eqphotonics.de\/en\/products\/light-sources\/cw-qcw-fiber-laser\/#breadcrumb","itemListElement":[{"@type":"ListItem","position":1,"name":"Startseite","item":"https:\/\/www.eqphotonics.de\/en\/"},{"@type":"ListItem","position":2,"name":"Products","item":"https:\/\/www.eqphotonics.de\/en\/products\/"},{"@type":"ListItem","position":3,"name":"Light sources","item":"https:\/\/www.eqphotonics.de\/en\/products\/light-sources\/"},{"@type":"ListItem","position":4,"name":"CW &#038; QCW Fiber lasers"}]},{"@type":"WebSite","@id":"https:\/\/www.eqphotonics.de\/en\/#website","url":"https:\/\/www.eqphotonics.de\/en\/","name":"EQ Photonics - Laser + Optoelektronik","description":"","publisher":{"@id":"https:\/\/www.eqphotonics.de\/en\/#organization"},"potentialAction":[{"@type":"SearchAction","target":{"@type":"EntryPoint","urlTemplate":"https:\/\/www.eqphotonics.de\/en\/?s={search_term_string}"},"query-input":{"@type":"PropertyValueSpecification","valueRequired":true,"valueName":"search_term_string"}}],"inLanguage":"en-US"},{"@type":"Organization","@id":"https:\/\/www.eqphotonics.de\/en\/#organization","name":"EQ Photonics GmbH","url":"https:\/\/www.eqphotonics.de\/en\/","logo":{"@type":"ImageObject","inLanguage":"en-US","@id":"https:\/\/www.eqphotonics.de\/en\/#\/schema\/logo\/image\/","url":"https:\/\/www.eqphotonics.de\/wp-content\/uploads\/eqp_logo.png","contentUrl":"https:\/\/www.eqphotonics.de\/wp-content\/uploads\/eqp_logo.png","width":94,"height":98,"caption":"EQ Photonics GmbH"},"image":{"@id":"https:\/\/www.eqphotonics.de\/en\/#\/schema\/logo\/image\/"}}]}},"_links":{"self":[{"href":"https:\/\/www.eqphotonics.de\/en\/wp-json\/wp\/v2\/pages\/20579","targetHints":{"allow":["GET"]}}],"collection":[{"href":"https:\/\/www.eqphotonics.de\/en\/wp-json\/wp\/v2\/pages"}],"about":[{"href":"https:\/\/www.eqphotonics.de\/en\/wp-json\/wp\/v2\/types\/page"}],"author":[{"embeddable":true,"href":"https:\/\/www.eqphotonics.de\/en\/wp-json\/wp\/v2\/users\/1"}],"replies":[{"embeddable":true,"href":"https:\/\/www.eqphotonics.de\/en\/wp-json\/wp\/v2\/comments?post=20579"}],"version-history":[{"count":15,"href":"https:\/\/www.eqphotonics.de\/en\/wp-json\/wp\/v2\/pages\/20579\/revisions"}],"predecessor-version":[{"id":75713,"href":"https:\/\/www.eqphotonics.de\/en\/wp-json\/wp\/v2\/pages\/20579\/revisions\/75713"}],"up":[{"embeddable":true,"href":"https:\/\/www.eqphotonics.de\/en\/wp-json\/wp\/v2\/pages\/152"}],"wp:attachment":[{"href":"https:\/\/www.eqphotonics.de\/en\/wp-json\/wp\/v2\/media?parent=20579"}],"curies":[{"name":"wp","href":"https:\/\/api.w.org\/{rel}","templated":true}]}}