{"id":117,"date":"2021-06-14T10:00:59","date_gmt":"2021-06-14T08:00:59","guid":{"rendered":"https:\/\/www.eqphotonics.de\/?page_id=117"},"modified":"2026-01-09T10:19:37","modified_gmt":"2026-01-09T09:19:37","slug":"legal-notice","status":"publish","type":"page","link":"https:\/\/www.eqphotonics.de\/en\/legal-notice\/","title":{"rendered":"Legal notice"},"content":{"rendered":"<div class=\"wpb-content-wrapper\"><p>[vc_row wrap_container=&#8221;yes&#8221; parallax=&#8221;content-moving&#8221; parallax_image=&#8221;18&#8243; css=&#8221;.vc_custom_1623660452678{padding-top: 50px !important;}&#8221;][vc_column css=&#8221;.vc_custom_1543888239030{padding-bottom: 50px !important;}&#8221;]<div class=\"page-top page-header-1   wpb_custom_2a9d21ec3bca3fcc4fd4297ed437a594\" data-appear-animation=\"fadeInUp\" data-appear-animation-delay=\"200\"><style>.page-top { background: none; border-bottom: none; } .page-top .page-title:not(.b-none):after { display: none; }.page-top .breadcrumbs-wrap { color: rgba(255,255,255,0.7)}.page-top .breadcrumbs-wrap a { color: #ffffff }.page-top .page-title {color: #ffffff;font-size: 2.75em;}<\/style><div class=\"container\">\r\n\t<div class=\"row\">\r\n\t\t<div class=\"col-lg-12\">\r\n\t\t\t\t\t\t\t<nav aria-label=\"breadcrumb\" class=\"breadcrumbs-wrap\">\r\n\t\t\t\t\t<ul class=\"breadcrumb\" itemscope itemtype=\"https:\/\/schema.org\/BreadcrumbList\"><li class=\"home\" itemprop=\"itemListElement\" itemscope itemtype=\"https:\/\/schema.org\/ListItem\"><a itemprop=\"item\" href=\"https:\/\/www.eqphotonics.de\/en\/\" title=\"Go to Home Page\"><span itemprop=\"name\">Home<\/span><\/a><meta itemprop=\"position\" content=\"1\" \/><i class=\"delimiter\"><\/i><\/li><\/ul>\t\t\t\t<\/nav>\r\n\t\t\t\t\t\t<div class=\"page-title-wrap\">\r\n\t\t\t\t\t\t\t\t<h1 class=\"page-title\"><\/h1>\r\n\t\t\t\t\t\t\t<\/div>\r\n\t\t\t\t\t<\/div>\r\n\t<\/div>\r\n<\/div>\r\n<\/div>[\/vc_column][\/vc_row][vc_row wrap_container=&#8221;yes&#8221; disable_element=&#8221;yes&#8221; css=&#8221;.vc_custom_1638971963474{padding-top: 80px !important;padding-bottom: 50px !important;}&#8221;][vc_column][vc_column_text]<\/p>\n<h1>Seitenbetreiber<\/h1>\n<p>Angaben gem\u00e4\u00df \u00a7 5 TMG:<\/p>\n<p><strong>Anschrift:<\/strong><\/p>\n<p><strong>EQ Photonics GmbH<br \/>\n<\/strong>Zeppelinstr. 4<br \/>\n85399 Hallbergmoos<br \/>\nGermany<\/p>\n<p><strong>Phone: <\/strong><a href=\"tel:0049893190190\">+49 (0)89 319019-0<\/a><br \/>\n<strong>Telefax:<\/strong>+49 (0)89 319019-49<\/p>\n<p><strong>E-Mail:<\/strong> <a href=\"mailto:info@eqphotonics.de\">info@eqphotonics.de<\/a><\/p>\n<p><strong>Vertretungsberechtigter Gesch\u00e4ftsf\u00fchrer:<\/strong><br \/>\nHarald Sittenauer und Franz Schwarzbauer<\/p>\n<p><strong>Registergericht:<\/strong> M\u00fcnchen<br \/>\n<strong>Registernummer:<\/strong>\u00a0HRB 129850<br \/>\nVAT-Nr. DE812922460<\/p>\n<h2>Haftungshinweis<\/h2>\n<p>Die Inhalte unserer Seiten wurden mit groesster Sorgfalt erstellt. F\u00fcr die Richtigkeit, Vollstaendigkeit und Aktualitaet der Inhalte koennen wir jedoch keine Gewaehr \u00fcbernehmen.<\/p>\n<p>Als Diensteanbieter sind wir gem 6 Abs.1 MDStV und 8 Abs.1 TDG f\u00fcr eigene Inhalte auf diesen Seiten nach den allgemeinen Gesetzen verantwortlich. Diensteanbieter sind jedoch nicht verpflichtet, die von ihnen \u00fcbermittelten oder gespeicherten fremden Informationen zu \u00fcberwachen oder nach Umstaenden zu forschen, die auf eine rechtswidrige Taetigkeit hinweisen. Verpflichtungen zur Entfernung oder Sperrung der Nutzung von Informationen nach den allgemeinen Gesetzen bleiben hiervon unber\u00fchrt. Eine diesbez\u00fcgliche Haftung ist jedoch erst ab dem Zeitpunkt der Kenntnis einer konkreten Rechtsverletzung moeglich. Bei Bekanntwerden von entsprechenden Rechtsverletzungen werden wir diese Inhalte umgehend entfernen.<\/p>\n<h2>Haftung f\u00fcr Links<\/h2>\n<p>Unser Angebot enthaelt Links zu externen Webseiten Dritter, auf deren Inhalte wir keinen Einfluss haben. Deshalb koennen wir f\u00fcr diese fremden Inhalte auch keine Gewaehr \u00fcbernehmen. F\u00fcr die Inhalte der verlinkten Seiten ist stets der jeweilige Anbieter oder Betreiber der Seiten verantwortlich. Die verlinkten Seiten wurden zum Zeitpunkt der Verlinkung auf moegliche Rechtsverstoesse \u00fcberpr\u00fcft. Rechtswidrige Inhalte waren zum Zeitpunkt der Verlinkung nicht erkennbar. Eine permanente inhaltliche Kontrolle der verlinkten Seiten ist jedoch ohne konkrete Anhaltspunkte einer Rechtsverletzung nicht zumutbar. Bei Bekanntwerden von Rechtsverletzungen werden wir derartige Links umgehend entfernen.<\/p>\n<h2>Urheberrecht<\/h2>\n<p>Die Betreiber der Seiten sind bem\u00fcht, stets die Urheberrechte Anderer zu beachten bzw. auf selbst erstellte sowie lizenzfreie Werke zur\u00fcckzugreifen.<\/p>\n<p>Die durch die Seitenbetreiber erstellten Inhalte und Werke auf diesen Seiten unterliegen dem deutschen Urheberrecht. Beitraege Dritter sind als solche gekennzeichnet. Die Vervielfaeltigung, Bearbeitung, Verbreitung und jede Art der Verwertung ausserhalb der Grenzen des Urheberrechtes bed\u00fcrfen der schriftlichen Zustimmung des jeweiligen Autors bzw. Erstellers. Downloads und Kopien dieser Seite sind nur f\u00fcr den privaten, nicht kommerziellen Gebrauch gestattet.<\/p>\n<p>Lorem ipsum dolor sit amet, consetetur sadipscing elitr, sed diam nonumy eirmod tempor invidunt ut labore et dolore magna aliquyam erat, sed diam voluptua. At vero eos et accusam et justo duo dolores et ea rebum. Stet clita kasd gubergren, no sea takimata sanctus est Lorem ipsum dolor sit amet. Lorem ipsum dolor sit amet, consetetur sadipscing elitr, sed diam nonumy eirmod tempor invidunt ut labore et dolore magna aliquyam erat, sed diam voluptua. At vero eos et accusam et justo duo dolores et ea rebum. Stet clita kasd gubergren, no sea takimata sanctus est Lorem ipsum dolor sit amet. Lorem ipsum dolor sit amet, consetetur sadipscing elitr, sed diam nonumy eirmod tempor invidunt ut labore et dolore magna aliquyam erat, sed diam voluptua. At vero eos et accusam et justo duo dolores et ea rebum. Stet clita kasd gubergren, no sea takimata sanctus est Lorem ipsum dolor sit amet.<\/p>\n<p>Duis autem vel eum iriure dolor in hendrerit in vulputate velit esse molestie consequat, vel illum dolore eu feugiat nulla facilisis at vero eros et accumsan et iusto odio dignissim qui blandit praesent luptatum zzril delenit augue duis dolore te feugait nulla facilisi. Lorem ipsum dolor sit amet, consectetuer adipiscing elit, sed diam nonummy nibh euismod tincidunt ut laoreet dolore magna aliquam erat volutpat.<\/p>\n<p>Ut wisi enim ad minim veniam, quis nostrud exerci tation ullamcorper suscipit lobortis nisl ut aliquip ex ea commodo consequat. Duis autem vel eum iriure dolor in hendrerit in vulputate velit esse molestie consequat, vel illum dolore eu feugiat nulla facilisis at vero eros et accumsan et iusto odio dignissim qui blandit praesent luptatum zzril delenit augue duis dolore te feugait nulla facilisi.<\/p>\n<p>Nam liber tempor cum soluta nobis eleifend option congue nihil imperdiet doming id quod mazim placerat facer possim assum. Lorem ipsum dolor sit amet, consectetuer adipiscing elit, sed diam nonummy nibh euismod tincidunt ut laoreet dolore magna aliquam erat volutpat. Ut wisi enim ad minim veniam, quis nostrud exerci tation ullamcorper suscipit lobortis nisl ut aliquip ex ea commodo consequat.<\/p>\n<p>Duis autem vel eum iriure dolor in hendrerit in vulputate velit esse molestie consequat, vel illum dolore eu feugiat nulla facilisis.[\/vc_column_text][\/vc_column][\/vc_row][vc_row wrap_container=&#8221;yes&#8221; css=&#8221;.vc_custom_1623661303661{padding-top: 80px !important;padding-bottom: 50px !important;}&#8221;][vc_column][vc_column_text css=&#8221;&#8221; css_params=&#8221;&#8221;]<\/p>\n<h2>Site Notice<\/h2>\n<h3>Information pursuant to Sect. 5 German Telemedia Act (TMG)<\/h3>\n<p>EQ Photonics GmbH<br \/>\nZeppelinstra\u00dfe 4<br \/>\n85399 Hallbergmoos<\/p>\n<p>Commercial Register: 129850<br \/>\nRegistration court: M\u00fcnchen<\/p>\n<p><strong>Represented by:<\/strong><br \/>\nOliver L\u00f6bbecke<\/p>\n<h3>Contact<\/h3>\n<p>Phone: <a href=\"tel:00498119987070\">+49 (0)811 998707-0<\/a><br \/>\nTelefax: +49 (0)811 998707-49<br \/>\nE-mail: <a href=\"mailto:info@eqphotonics.de\">info@eqphotonics.de<\/a><\/p>\n<h3>VAT ID<\/h3>\n<p>Sales tax identification number according to Sect. 27 a of the Sales Tax Law:<br \/>\nDE812922460<\/p>\n<h3>Person responsible for editorial<\/h3>\n<p>Oliver L\u00f6bbecke<\/p>\n<h3>EU dispute resolution<\/h3>\n<p>The European Commission provides a platform for online dispute resolution (ODR): <a href=\"https:\/\/ec.europa.eu\/consumers\/odr\/\" target=\"_blank\" rel=\"noopener noreferrer\">https:\/\/ec.europa.eu\/consumers\/odr\/<\/a>.<br \/>\nOur e-mail address can be found above in the site notice.<\/p>\n<h3>Dispute resolution proceedings in front of a consumer arbitration board<\/h3>\n<p>We are not willing or obliged to participate in dispute resolution proceedings in front of a consumer arbitration board.[\/vc_column_text][\/vc_column][\/vc_row]<\/p>\n<\/div>","protected":false},"excerpt":{"rendered":"<p>[vc_row wrap_container=&#8221;yes&#8221; parallax=&#8221;content-moving&#8221; parallax_image=&#8221;18&#8243; css=&#8221;.vc_custom_1623660452678{padding-top: 50px !important;}&#8221;][vc_column css=&#8221;.vc_custom_1543888239030{padding-bottom: 50px !important;}&#8221;][\/vc_column][\/vc_row][vc_row wrap_container=&#8221;yes&#8221; disable_element=&#8221;yes&#8221; css=&#8221;.vc_custom_1638971963474{padding-top: 80px !important;padding-bottom: 50px !important;}&#8221;][vc_column][vc_column_text] Seitenbetreiber Angaben gem\u00e4\u00df \u00a7 5 TMG: Anschrift: EQ Photonics GmbH Zeppelinstr. 4 85399 Hallbergmoos Germany Phone: +49 (0)89 319019-0 Telefax:+49 (0)89 319019-49 E-Mail: info@eqphotonics.de Vertretungsberechtigter Gesch\u00e4ftsf\u00fchrer: Harald Sittenauer und Franz Schwarzbauer Registergericht: M\u00fcnchen Registernummer:\u00a0HRB 129850 VAT-Nr. DE812922460 Haftungshinweis [&hellip;]<\/p>\n","protected":false},"author":1,"featured_media":0,"parent":0,"menu_order":700,"comment_status":"closed","ping_status":"closed","template":"","meta":{"_acf_changed":false,"footnotes":""},"class_list":["post-117","page","type-page","status-publish","hentry"],"acf":[],"yoast_head":"<!-- This site is optimized with the Yoast SEO plugin v27.4 - https:\/\/yoast.com\/product\/yoast-seo-wordpress\/ -->\n<title>Legal notice - EQ Photonics - Laser + Optoelektronik<\/title>\n<meta name=\"robots\" content=\"index, follow, max-snippet:-1, max-image-preview:large, max-video-preview:-1\" \/>\n<link rel=\"canonical\" href=\"https:\/\/www.eqphotonics.de\/en\/legal-notice\/\" \/>\n<meta name=\"twitter:label1\" content=\"Est. reading time\" \/>\n\t<meta name=\"twitter:data1\" content=\"5 minutes\" \/>\n<script type=\"application\/ld+json\" class=\"yoast-schema-graph\">{\"@context\":\"https:\\\/\\\/schema.org\",\"@graph\":[{\"@type\":\"WebPage\",\"@id\":\"https:\\\/\\\/www.eqphotonics.de\\\/en\\\/legal-notice\\\/\",\"url\":\"https:\\\/\\\/www.eqphotonics.de\\\/en\\\/legal-notice\\\/\",\"name\":\"Legal notice - EQ Photonics - Laser + Optoelektronik\",\"isPartOf\":{\"@id\":\"https:\\\/\\\/www.eqphotonics.de\\\/en\\\/#website\"},\"datePublished\":\"2021-06-14T08:00:59+00:00\",\"dateModified\":\"2026-01-09T09:19:37+00:00\",\"breadcrumb\":{\"@id\":\"https:\\\/\\\/www.eqphotonics.de\\\/en\\\/legal-notice\\\/#breadcrumb\"},\"inLanguage\":\"en-US\",\"potentialAction\":[{\"@type\":\"ReadAction\",\"target\":[\"https:\\\/\\\/www.eqphotonics.de\\\/en\\\/legal-notice\\\/\"]}]},{\"@type\":\"BreadcrumbList\",\"@id\":\"https:\\\/\\\/www.eqphotonics.de\\\/en\\\/legal-notice\\\/#breadcrumb\",\"itemListElement\":[{\"@type\":\"ListItem\",\"position\":1,\"name\":\"Startseite\",\"item\":\"https:\\\/\\\/www.eqphotonics.de\\\/en\\\/\"},{\"@type\":\"ListItem\",\"position\":2,\"name\":\"Legal notice\"}]},{\"@type\":\"WebSite\",\"@id\":\"https:\\\/\\\/www.eqphotonics.de\\\/en\\\/#website\",\"url\":\"https:\\\/\\\/www.eqphotonics.de\\\/en\\\/\",\"name\":\"EQ Photonics - Laser + Optoelektronik\",\"description\":\"\",\"publisher\":{\"@id\":\"https:\\\/\\\/www.eqphotonics.de\\\/en\\\/#organization\"},\"potentialAction\":[{\"@type\":\"SearchAction\",\"target\":{\"@type\":\"EntryPoint\",\"urlTemplate\":\"https:\\\/\\\/www.eqphotonics.de\\\/en\\\/?s={search_term_string}\"},\"query-input\":{\"@type\":\"PropertyValueSpecification\",\"valueRequired\":true,\"valueName\":\"search_term_string\"}}],\"inLanguage\":\"en-US\"},{\"@type\":\"Organization\",\"@id\":\"https:\\\/\\\/www.eqphotonics.de\\\/en\\\/#organization\",\"name\":\"EQ Photonics GmbH\",\"url\":\"https:\\\/\\\/www.eqphotonics.de\\\/en\\\/\",\"logo\":{\"@type\":\"ImageObject\",\"inLanguage\":\"en-US\",\"@id\":\"https:\\\/\\\/www.eqphotonics.de\\\/en\\\/#\\\/schema\\\/logo\\\/image\\\/\",\"url\":\"https:\\\/\\\/www.eqphotonics.de\\\/wp-content\\\/uploads\\\/eqp_logo.png\",\"contentUrl\":\"https:\\\/\\\/www.eqphotonics.de\\\/wp-content\\\/uploads\\\/eqp_logo.png\",\"width\":94,\"height\":98,\"caption\":\"EQ Photonics GmbH\"},\"image\":{\"@id\":\"https:\\\/\\\/www.eqphotonics.de\\\/en\\\/#\\\/schema\\\/logo\\\/image\\\/\"}}]}<\/script>\n<!-- \/ Yoast SEO plugin. -->","yoast_head_json":{"title":"Legal notice - EQ Photonics - Laser + Optoelektronik","robots":{"index":"index","follow":"follow","max-snippet":"max-snippet:-1","max-image-preview":"max-image-preview:large","max-video-preview":"max-video-preview:-1"},"canonical":"https:\/\/www.eqphotonics.de\/en\/legal-notice\/","twitter_misc":{"Est. reading time":"5 minutes"},"schema":{"@context":"https:\/\/schema.org","@graph":[{"@type":"WebPage","@id":"https:\/\/www.eqphotonics.de\/en\/legal-notice\/","url":"https:\/\/www.eqphotonics.de\/en\/legal-notice\/","name":"Legal notice - EQ Photonics - Laser + Optoelektronik","isPartOf":{"@id":"https:\/\/www.eqphotonics.de\/en\/#website"},"datePublished":"2021-06-14T08:00:59+00:00","dateModified":"2026-01-09T09:19:37+00:00","breadcrumb":{"@id":"https:\/\/www.eqphotonics.de\/en\/legal-notice\/#breadcrumb"},"inLanguage":"en-US","potentialAction":[{"@type":"ReadAction","target":["https:\/\/www.eqphotonics.de\/en\/legal-notice\/"]}]},{"@type":"BreadcrumbList","@id":"https:\/\/www.eqphotonics.de\/en\/legal-notice\/#breadcrumb","itemListElement":[{"@type":"ListItem","position":1,"name":"Startseite","item":"https:\/\/www.eqphotonics.de\/en\/"},{"@type":"ListItem","position":2,"name":"Legal notice"}]},{"@type":"WebSite","@id":"https:\/\/www.eqphotonics.de\/en\/#website","url":"https:\/\/www.eqphotonics.de\/en\/","name":"EQ Photonics - Laser + Optoelektronik","description":"","publisher":{"@id":"https:\/\/www.eqphotonics.de\/en\/#organization"},"potentialAction":[{"@type":"SearchAction","target":{"@type":"EntryPoint","urlTemplate":"https:\/\/www.eqphotonics.de\/en\/?s={search_term_string}"},"query-input":{"@type":"PropertyValueSpecification","valueRequired":true,"valueName":"search_term_string"}}],"inLanguage":"en-US"},{"@type":"Organization","@id":"https:\/\/www.eqphotonics.de\/en\/#organization","name":"EQ Photonics GmbH","url":"https:\/\/www.eqphotonics.de\/en\/","logo":{"@type":"ImageObject","inLanguage":"en-US","@id":"https:\/\/www.eqphotonics.de\/en\/#\/schema\/logo\/image\/","url":"https:\/\/www.eqphotonics.de\/wp-content\/uploads\/eqp_logo.png","contentUrl":"https:\/\/www.eqphotonics.de\/wp-content\/uploads\/eqp_logo.png","width":94,"height":98,"caption":"EQ Photonics GmbH"},"image":{"@id":"https:\/\/www.eqphotonics.de\/en\/#\/schema\/logo\/image\/"}}]}},"_links":{"self":[{"href":"https:\/\/www.eqphotonics.de\/en\/wp-json\/wp\/v2\/pages\/117","targetHints":{"allow":["GET"]}}],"collection":[{"href":"https:\/\/www.eqphotonics.de\/en\/wp-json\/wp\/v2\/pages"}],"about":[{"href":"https:\/\/www.eqphotonics.de\/en\/wp-json\/wp\/v2\/types\/page"}],"author":[{"embeddable":true,"href":"https:\/\/www.eqphotonics.de\/en\/wp-json\/wp\/v2\/users\/1"}],"replies":[{"embeddable":true,"href":"https:\/\/www.eqphotonics.de\/en\/wp-json\/wp\/v2\/comments?post=117"}],"version-history":[{"count":12,"href":"https:\/\/www.eqphotonics.de\/en\/wp-json\/wp\/v2\/pages\/117\/revisions"}],"predecessor-version":[{"id":86614,"href":"https:\/\/www.eqphotonics.de\/en\/wp-json\/wp\/v2\/pages\/117\/revisions\/86614"}],"wp:attachment":[{"href":"https:\/\/www.eqphotonics.de\/en\/wp-json\/wp\/v2\/media?parent=117"}],"curies":[{"name":"wp","href":"https:\/\/api.w.org\/{rel}","templated":true}]}}